{"id":643,"date":"2025-02-14T17:02:50","date_gmt":"2025-02-14T16:02:50","guid":{"rendered":"https:\/\/www.data-pro.nu\/?page_id=643"},"modified":"2025-04-13T21:29:40","modified_gmt":"2025-04-13T20:29:40","slug":"de-founder","status":"publish","type":"page","link":"https:\/\/www.data-pro.nu\/fr\/de-founder\/","title":{"rendered":"Le fondateur"},"content":{"rendered":"<div>\r\n<h2 class=\"wp-block-heading\"><a href=\"https:\/\/i0.wp.com\/www.data-pro.nu\/wp-content\/uploads\/2025\/04\/MIREILLE-DROSTE-Groot.jpg?ssl=1\"><img data-recalc-dims=\"1\" loading=\"lazy\" decoding=\"async\" class=\"aligncenter wp-image-1351 size-full\" src=\"https:\/\/i0.wp.com\/www.data-pro.nu\/wp-content\/uploads\/2025\/04\/MIREILLE-DROSTE-Groot.jpg?resize=1200%2C800&#038;ssl=1\" alt=\"\" width=\"1200\" height=\"800\" srcset=\"https:\/\/i0.wp.com\/www.data-pro.nu\/wp-content\/uploads\/2025\/04\/MIREILLE-DROSTE-Groot.jpg?w=1620&amp;ssl=1 1620w, https:\/\/i0.wp.com\/www.data-pro.nu\/wp-content\/uploads\/2025\/04\/MIREILLE-DROSTE-Groot.jpg?resize=600%2C400&amp;ssl=1 600w, https:\/\/i0.wp.com\/www.data-pro.nu\/wp-content\/uploads\/2025\/04\/MIREILLE-DROSTE-Groot.jpg?resize=300%2C200&amp;ssl=1 300w, https:\/\/i0.wp.com\/www.data-pro.nu\/wp-content\/uploads\/2025\/04\/MIREILLE-DROSTE-Groot.jpg?resize=1024%2C683&amp;ssl=1 1024w, https:\/\/i0.wp.com\/www.data-pro.nu\/wp-content\/uploads\/2025\/04\/MIREILLE-DROSTE-Groot.jpg?resize=768%2C512&amp;ssl=1 768w, https:\/\/i0.wp.com\/www.data-pro.nu\/wp-content\/uploads\/2025\/04\/MIREILLE-DROSTE-Groot.jpg?resize=1536%2C1024&amp;ssl=1 1536w, https:\/\/i0.wp.com\/www.data-pro.nu\/wp-content\/uploads\/2025\/04\/MIREILLE-DROSTE-Groot.jpg?resize=18%2C12&amp;ssl=1 18w\" sizes=\"auto, (max-width: 1200px) 100vw, 1200px\" \/><\/a>Ma passion pour l'\u00e9ducation<\/h2>\r\n<div>J'ai toujours eu un fort int\u00e9r\u00eat pour l'enseignement et l'enseignement. L'histoire montre qu'il existe une relation claire entre la prosp\u00e9rit\u00e9, le bien-\u00eatre et l'\u00e9ducation. Avec mes propres enfants, j'ai vu \u00e0 quel point il est important de choisir la bonne approche pour chaque enfant. C'est quelque chose dont je me souviens bien de mon \u00e9cole primaire et secondaire.<\/div>\r\n<br \/>\r\n<h2>Inspiration des voisins<\/h2>\r\n<div>Parce que ma femme s'est reconvertie en enseignante d'\u00e9tudes sociales, je me suis rapproch\u00e9e de l'\u00e9ducation plus que je n'aurais jamais pu l'imaginer. Je suis entr\u00e9 en contact avec des mati\u00e8res de l'\u00e9ducation auxquelles vous ne pensez pas imm\u00e9diatement. J'ai r\u00e9alis\u00e9 que 100% L'\u00e9ducation individuelle n'est pas possible, car vous avez alors besoin d'un enseignant et d'un programme distincts pour chaque enfant. Mais l'\u00e9ducation de masse ne fonctionne pas non plus pour tout le monde, car tous les gens n'absorbent pas la connaissance de la m\u00eame mani\u00e8re.<\/div>\r\n<br \/>\r\n<div>La pression dans l'\u00e9ducation est \u00e9lev\u00e9e et restera toujours \u00e9lev\u00e9e, car l'\u00e9ducation est cruciale et doit \u00eatre d'une efficacit\u00e9 maximale.<\/div>\r\n<br \/>\r\n<h2>Le lien entre l'IA et l'\u00e9ducation<\/h2>\r\n<div>Parce que je suis toujours \u00e0 la recherche de connexions et de solutions, j'ai vu une opportunit\u00e9 de combiner l'IA avec l'\u00e9ducation. Cela a conduit \u00e0 EduNEX, une initiative visant \u00e0 am\u00e9liorer l'\u00e9ducation, \u00e0 la rendre plus appropri\u00e9e et, surtout, \u00e0 la rendre plus amusante. En augmentant l'efficacit\u00e9 de l'\u00e9ducation, nous pouvons mieux servir la soci\u00e9t\u00e9.<\/div>\r\n<br \/>\r\n<div>Plus t\u00f4t nos \u00e9tudiants sont form\u00e9s, plus ils peuvent contribuer \u00e0 la soci\u00e9t\u00e9. Savez-vous combien d'argent et d'efforts la soci\u00e9t\u00e9 perd pour les sortants de l'\u00e9cole, les titulaires et les personnes peu instruites?<\/div>\r\n<br \/>\r\n<h2>EduNEX : Ma contribution \u00e0 un monde meilleur<\/h2>\r\n<div><a href=\"http:\/\/www.edunex.nl\" target=\"_blank\" rel=\"noopener\">EduNEX<\/a> est ma cr\u00e9ation et ma contribution \u00e0 un monde meilleur. Il s'agit d'une tentative de transformer l'\u00e9ducation en int\u00e9grant des m\u00e9thodes et des technologies innovantes. Je crois qu'en rendant l'\u00e9ducation plus efficace et attrayante, nous pouvons avoir un impact positif sur la vie des individus et sur la soci\u00e9t\u00e9 dans son ensemble.<\/div>\r\n<\/div>","protected":false},"excerpt":{"rendered":"<p>Ma passion pour l'\u00e9ducation J'ai toujours eu un fort int\u00e9r\u00eat pour l'enseignement et l'enseignement. L'histoire montre qu'il existe une relation claire entre la prosp\u00e9rit\u00e9, le bien-\u00eatre et l'\u00e9ducation. Avec mes propres enfants, j'ai vu \u00e0 quel point il est important de choisir la bonne approche pour chaque enfant. C'est quelque chose qui [...]<\/p>","protected":false},"author":1,"featured_media":0,"parent":0,"menu_order":0,"comment_status":"closed","ping_status":"closed","template":"","meta":{"advanced_seo_description":"","jetpack_seo_html_title":"","jetpack_seo_noindex":false,"ocean_post_layout":"full-width","ocean_both_sidebars_style":"","ocean_both_sidebars_content_width":0,"ocean_both_sidebars_sidebars_width":0,"ocean_sidebar":"ocs-founder","ocean_second_sidebar":"0","ocean_disable_margins":"enable","ocean_add_body_class":"","ocean_shortcode_before_top_bar":"","ocean_shortcode_after_top_bar":"","ocean_shortcode_before_header":"","ocean_shortcode_after_header":"","ocean_has_shortcode":"","ocean_shortcode_after_title":"","ocean_shortcode_before_footer_widgets":"","ocean_shortcode_after_footer_widgets":"","ocean_shortcode_before_footer_bottom":"","ocean_shortcode_after_footer_bottom":"","ocean_display_top_bar":"default","ocean_display_header":"default","ocean_header_style":"","ocean_center_header_left_menu":"0","ocean_custom_header_template":"0","ocean_custom_logo":0,"ocean_custom_retina_logo":0,"ocean_custom_logo_max_width":0,"ocean_custom_logo_tablet_max_width":0,"ocean_custom_logo_mobile_max_width":0,"ocean_custom_logo_max_height":0,"ocean_custom_logo_tablet_max_height":0,"ocean_custom_logo_mobile_max_height":0,"ocean_header_custom_menu":"0","ocean_menu_typo_font_family":"0","ocean_menu_typo_font_subset":"","ocean_menu_typo_font_size":0,"ocean_menu_typo_font_size_tablet":0,"ocean_menu_typo_font_size_mobile":0,"ocean_menu_typo_font_size_unit":"px","ocean_menu_typo_font_weight":"","ocean_menu_typo_font_weight_tablet":"","ocean_menu_typo_font_weight_mobile":"","ocean_menu_typo_transform":"","ocean_menu_typo_transform_tablet":"","ocean_menu_typo_transform_mobile":"","ocean_menu_typo_line_height":0,"ocean_menu_typo_line_height_tablet":0,"ocean_menu_typo_line_height_mobile":0,"ocean_menu_typo_line_height_unit":"","ocean_menu_typo_spacing":0,"ocean_menu_typo_spacing_tablet":0,"ocean_menu_typo_spacing_mobile":0,"ocean_menu_typo_spacing_unit":"","ocean_menu_link_color":"","ocean_menu_link_color_hover":"","ocean_menu_link_color_active":"","ocean_menu_link_background":"","ocean_menu_link_hover_background":"","ocean_menu_link_active_background":"","ocean_menu_social_links_bg":"","ocean_menu_social_hover_links_bg":"","ocean_menu_social_links_color":"","ocean_menu_social_hover_links_color":"","ocean_disable_title":"default","ocean_disable_heading":"default","ocean_post_title":"","ocean_post_subheading":"","ocean_post_title_style":"","ocean_post_title_background_color":"","ocean_post_title_background":0,"ocean_post_title_bg_image_position":"","ocean_post_title_bg_image_attachment":"","ocean_post_title_bg_image_repeat":"","ocean_post_title_bg_image_size":"","ocean_post_title_height":0,"ocean_post_title_bg_overlay":0.5,"ocean_post_title_bg_overlay_color":"","ocean_disable_breadcrumbs":"default","ocean_breadcrumbs_color":"","ocean_breadcrumbs_separator_color":"","ocean_breadcrumbs_links_color":"","ocean_breadcrumbs_links_hover_color":"","ocean_display_footer_widgets":"default","ocean_display_footer_bottom":"default","ocean_custom_footer_template":"0","jetpack_post_was_ever_published":false,"footnotes":""},"class_list":["post-643","page","type-page","status-publish","hentry","entry"],"jetpack_sharing_enabled":true,"_links":{"self":[{"href":"https:\/\/www.data-pro.nu\/fr\/wp-json\/wp\/v2\/pages\/643","targetHints":{"allow":["GET"]}}],"collection":[{"href":"https:\/\/www.data-pro.nu\/fr\/wp-json\/wp\/v2\/pages"}],"about":[{"href":"https:\/\/www.data-pro.nu\/fr\/wp-json\/wp\/v2\/types\/page"}],"author":[{"embeddable":true,"href":"https:\/\/www.data-pro.nu\/fr\/wp-json\/wp\/v2\/users\/1"}],"replies":[{"embeddable":true,"href":"https:\/\/www.data-pro.nu\/fr\/wp-json\/wp\/v2\/comments?post=643"}],"version-history":[{"count":0,"href":"https:\/\/www.data-pro.nu\/fr\/wp-json\/wp\/v2\/pages\/643\/revisions"}],"wp:attachment":[{"href":"https:\/\/www.data-pro.nu\/fr\/wp-json\/wp\/v2\/media?parent=643"}],"curies":[{"name":"wp","href":"https:\/\/api.w.org\/{rel}","templated":true}]}}