{"id":606,"date":"2025-02-14T11:43:28","date_gmt":"2025-02-14T10:43:28","guid":{"rendered":"https:\/\/www.data-pro.nu\/?page_id=606"},"modified":"2025-04-13T21:29:27","modified_gmt":"2025-04-13T20:29:27","slug":"de-data-specialist","status":"publish","type":"page","link":"https:\/\/www.data-pro.nu\/fr\/de-data-specialist\/","title":{"rendered":"Le sp\u00e9cialiste des donn\u00e9es"},"content":{"rendered":"<h2><a href=\"https:\/\/i0.wp.com\/www.data-pro.nu\/wp-content\/uploads\/2025\/04\/MIREILLE-DROSTE-45-Groot.jpg?ssl=1\"><img data-recalc-dims=\"1\" loading=\"lazy\" decoding=\"async\" class=\"alignright wp-image-1353 size-medium\" src=\"https:\/\/i0.wp.com\/www.data-pro.nu\/wp-content\/uploads\/2025\/04\/MIREILLE-DROSTE-45-Groot.jpg?resize=200%2C300&#038;ssl=1\" alt=\"\" width=\"200\" height=\"300\" srcset=\"https:\/\/i0.wp.com\/www.data-pro.nu\/wp-content\/uploads\/2025\/04\/MIREILLE-DROSTE-45-Groot.jpg?resize=200%2C300&amp;ssl=1 200w, https:\/\/i0.wp.com\/www.data-pro.nu\/wp-content\/uploads\/2025\/04\/MIREILLE-DROSTE-45-Groot.jpg?resize=600%2C900&amp;ssl=1 600w, https:\/\/i0.wp.com\/www.data-pro.nu\/wp-content\/uploads\/2025\/04\/MIREILLE-DROSTE-45-Groot.jpg?resize=683%2C1024&amp;ssl=1 683w, https:\/\/i0.wp.com\/www.data-pro.nu\/wp-content\/uploads\/2025\/04\/MIREILLE-DROSTE-45-Groot.jpg?resize=768%2C1152&amp;ssl=1 768w, https:\/\/i0.wp.com\/www.data-pro.nu\/wp-content\/uploads\/2025\/04\/MIREILLE-DROSTE-45-Groot.jpg?resize=1024%2C1536&amp;ssl=1 1024w, https:\/\/i0.wp.com\/www.data-pro.nu\/wp-content\/uploads\/2025\/04\/MIREILLE-DROSTE-45-Groot.jpg?resize=8%2C12&amp;ssl=1 8w, https:\/\/i0.wp.com\/www.data-pro.nu\/wp-content\/uploads\/2025\/04\/MIREILLE-DROSTE-45-Groot.jpg?w=1080&amp;ssl=1 1080w\" sizes=\"auto, (max-width: 200px) 100vw, 200px\" \/><\/a>\u00c0 propos de moi en tant que freelance<\/h2>\n<p>Je suis Henro Veijer, un professionnel de l'informatique exp\u00e9riment\u00e9 avec une solide exp\u00e9rience en ing\u00e9nierie des donn\u00e9es et en intelligence d'affaires. Avec plus de deux d\u00e9cennies d'exp\u00e9rience dans le monde informatique, j'ai concentr\u00e9 mon expertise sur la plate-forme Microsoft Data au cours des onze derni\u00e8res ann\u00e9es. Mes comp\u00e9tences analytiques, mon approche ax\u00e9e sur les r\u00e9sultats et mon talent pour la collaboration font de moi un atout pr\u00e9cieux pour tout projet ax\u00e9 sur les donn\u00e9es.<\/p>\n<p>En tant que Scrum Master certifi\u00e9, je sais comment int\u00e9grer de mani\u00e8re transparente les aspects techniques et humains d'un projet, ce qui donne des r\u00e9sultats commerciaux optimaux. Mon profil de personnalit\u00e9, situ\u00e9 entre INTJ (l\u2019\u00abarchitecte\u00bb) et INFJ (le \u00abconseiller\u00bb), donne un aper\u00e7u de mes aptitudes analytiques et intuitives. Ces profils se caract\u00e9risent par une forte tendance \u00e0 comprendre des probl\u00e8mes complexes et \u00e0 d\u00e9velopper des solutions cr\u00e9atives. Ma couleur dominante, l'orange, symbolise mon caract\u00e8re extraverti et \u00e9nergique. Tout cela ensemble garantit que je peux facilement \u00e9tablir des liens avec les autres, \u00e0 la fois sur le plan professionnel et personnel. Ma capacit\u00e9 \u00e0 inspirer et \u00e0 motiver les gens me permet de communiquer et de collaborer efficacement dans divers environnements. Cela m'aide \u00e0 construire des ponts entre les individus et entre les personnes et la technologie. Ma devise de vie, \u00abSi vous voulez que les gens vous aident, assurez-vous qu\u2019ils veulent vous aider\u00bb, est \u00e0 la base de mon \u00e9thique de travail.<\/p>\n<p>J'excelle dans la traduction des int\u00e9r\u00eats commerciaux en solutions technologiques et dans le transfert de mati\u00e8res complexes de mani\u00e8re claire et efficace. Ma force r\u00e9side dans le fait de combler le foss\u00e9 entre la technologie et la strat\u00e9gie commerciale, en fournissant aux organisations des id\u00e9es approfondies et des solutions concr\u00e8tes.<\/p>\n<p>En tant que membre actif de Toastmasters International, j'am\u00e9liore continuellement mes comp\u00e9tences orales, ce qui me permet de pr\u00e9senter des concepts complexes de mani\u00e8re convaincante \u00e0 des publics techniques et non techniques.<\/p>\n<h2>Ce que je fais<\/h2>\n<p>En tant que sp\u00e9cialiste ind\u00e9pendant des donn\u00e9es, je propose une expertise en analyse de donn\u00e9es, en ing\u00e9nierie de donn\u00e9es et en intelligence d'affaires. J'aide les organisations \u00e0 structurer et optimiser leurs processus de donn\u00e9es, afin qu'elles puissent mieux utiliser leurs donn\u00e9es. Mon exp\u00e9rience comprend la mise en \u0153uvre de solutions de donn\u00e9es avanc\u00e9es, la formation technique et le guidage des \u00e9quipes dans l'am\u00e9lioration de leurs processus de travail.<\/p>\n<p>En plus de mes comp\u00e9tences techniques, je suis \u00e9galement conf\u00e9renci\u00e8re invit\u00e9e et conf\u00e9renci\u00e8re, donnant des conf\u00e9rences et des pr\u00e9sentations sur les donn\u00e9es et la technologie. Je me sp\u00e9cialise dans les techniques de pr\u00e9sentation de formation, aidant les autres \u00e0 pr\u00e9senter efficacement et de mani\u00e8re convaincante.<\/p>\n<p>Je suis impliqu\u00e9 dans la mise en place d'une startup innovante dans le domaine de l'\u00e9ducation, dans laquelle je combine ma passion pour la technologie et l'\u00e9ducation. Mon objectif est de rendre le monde des donn\u00e9es et de la technologie plus accessible \u00e0 tous, des \u00e9tudiants aux professionnels.<\/p>\n<h2>Formation et certifications<\/h2>\n<p>Ma formation comprend un dipl\u00f4me HBO en Business Intelligence et une formation \u00e0 la Facult\u00e9 de journalisme et de communication HBO. En outre, j'ai suivi diverses formations professionnelles, notamment Microsoft PowerBI Suite, SQL Server et Tableau.<\/p>\n<p>Je suis certifi\u00e9 Microsoft Certified Azure Data Engineer et j'ai obtenu des certifications Azure Fundamentals, Professional Scrum Master et Microsoft Certified Solutions Associate dans SQL Server. Ces connaissances et certifications soutiennent ma capacit\u00e9 \u00e0 impl\u00e9menter et optimiser des solutions de donn\u00e9es complexes.<\/p>\n<h2>Connaissances et comp\u00e9tences<\/h2>\n<p>Mon expertise s'\u00e9tend \u00e0 un large \u00e9ventail de techniques et de ressources, y compris les outils BI et ETL tels que PowerBI et SSIS, les technologies cloud telles qu'Azure et AWS, et les langages de programmation tels que Python et SQL. Je suis comp\u00e9tent dans l'application des m\u00e9thodologies Agile et Scrum, et j'ai de l'exp\u00e9rience avec l'entreposage de donn\u00e9es et la visualisation de donn\u00e9es.<\/p>\n<p>Gr\u00e2ce \u00e0 mes vastes connaissances et \u00e0 mon exp\u00e9rience, je suis le partenaire id\u00e9al pour les organisations qui souhaitent innover et faire passer leurs strat\u00e9gies de donn\u00e9es au niveau sup\u00e9rieur.<\/p>","protected":false},"excerpt":{"rendered":"<p>\u00c0 propos de moi en tant que pigiste, je suis Henro Veijer, un professionnel de l'informatique exp\u00e9riment\u00e9 avec une solide exp\u00e9rience en ing\u00e9nierie des donn\u00e9es et en intelligence d'affaires. Avec plus de deux d\u00e9cennies d'exp\u00e9rience dans le monde informatique, j'ai concentr\u00e9 mon expertise sur la plate-forme Microsoft Data au cours des onze derni\u00e8res ann\u00e9es. Mes comp\u00e9tences analytiques, mon approche ax\u00e9e sur les r\u00e9sultats et mon talent pour la collaboration font de moi un [...]<\/p>","protected":false},"author":1,"featured_media":0,"parent":0,"menu_order":0,"comment_status":"closed","ping_status":"closed","template":"","meta":{"advanced_seo_description":"","jetpack_seo_html_title":"","jetpack_seo_noindex":false,"ocean_post_layout":"full-width","ocean_both_sidebars_style":"","ocean_both_sidebars_content_width":0,"ocean_both_sidebars_sidebars_width":0,"ocean_sidebar":"ocs-freelance","ocean_second_sidebar":"0","ocean_disable_margins":"enable","ocean_add_body_class":"","ocean_shortcode_before_top_bar":"","ocean_shortcode_after_top_bar":"","ocean_shortcode_before_header":"","ocean_shortcode_after_header":"","ocean_has_shortcode":"","ocean_shortcode_after_title":"","ocean_shortcode_before_footer_widgets":"","ocean_shortcode_after_footer_widgets":"","ocean_shortcode_before_footer_bottom":"","ocean_shortcode_after_footer_bottom":"","ocean_display_top_bar":"default","ocean_display_header":"default","ocean_header_style":"","ocean_center_header_left_menu":"0","ocean_custom_header_template":"0","ocean_custom_logo":0,"ocean_custom_retina_logo":0,"ocean_custom_logo_max_width":0,"ocean_custom_logo_tablet_max_width":0,"ocean_custom_logo_mobile_max_width":0,"ocean_custom_logo_max_height":0,"ocean_custom_logo_tablet_max_height":0,"ocean_custom_logo_mobile_max_height":0,"ocean_header_custom_menu":"0","ocean_menu_typo_font_family":"0","ocean_menu_typo_font_subset":"","ocean_menu_typo_font_size":0,"ocean_menu_typo_font_size_tablet":0,"ocean_menu_typo_font_size_mobile":0,"ocean_menu_typo_font_size_unit":"px","ocean_menu_typo_font_weight":"","ocean_menu_typo_font_weight_tablet":"","ocean_menu_typo_font_weight_mobile":"","ocean_menu_typo_transform":"","ocean_menu_typo_transform_tablet":"","ocean_menu_typo_transform_mobile":"","ocean_menu_typo_line_height":0,"ocean_menu_typo_line_height_tablet":0,"ocean_menu_typo_line_height_mobile":0,"ocean_menu_typo_line_height_unit":"","ocean_menu_typo_spacing":0,"ocean_menu_typo_spacing_tablet":0,"ocean_menu_typo_spacing_mobile":0,"ocean_menu_typo_spacing_unit":"","ocean_menu_link_color":"","ocean_menu_link_color_hover":"","ocean_menu_link_color_active":"","ocean_menu_link_background":"","ocean_menu_link_hover_background":"","ocean_menu_link_active_background":"","ocean_menu_social_links_bg":"","ocean_menu_social_hover_links_bg":"","ocean_menu_social_links_color":"","ocean_menu_social_hover_links_color":"","ocean_disable_title":"default","ocean_disable_heading":"default","ocean_post_title":"","ocean_post_subheading":"","ocean_post_title_style":"","ocean_post_title_background_color":"","ocean_post_title_background":0,"ocean_post_title_bg_image_position":"","ocean_post_title_bg_image_attachment":"","ocean_post_title_bg_image_repeat":"","ocean_post_title_bg_image_size":"","ocean_post_title_height":0,"ocean_post_title_bg_overlay":0.5,"ocean_post_title_bg_overlay_color":"","ocean_disable_breadcrumbs":"default","ocean_breadcrumbs_color":"","ocean_breadcrumbs_separator_color":"","ocean_breadcrumbs_links_color":"","ocean_breadcrumbs_links_hover_color":"","ocean_display_footer_widgets":"default","ocean_display_footer_bottom":"default","ocean_custom_footer_template":"0","jetpack_post_was_ever_published":false,"footnotes":""},"class_list":["post-606","page","type-page","status-publish","hentry","entry"],"jetpack_sharing_enabled":true,"_links":{"self":[{"href":"https:\/\/www.data-pro.nu\/fr\/wp-json\/wp\/v2\/pages\/606","targetHints":{"allow":["GET"]}}],"collection":[{"href":"https:\/\/www.data-pro.nu\/fr\/wp-json\/wp\/v2\/pages"}],"about":[{"href":"https:\/\/www.data-pro.nu\/fr\/wp-json\/wp\/v2\/types\/page"}],"author":[{"embeddable":true,"href":"https:\/\/www.data-pro.nu\/fr\/wp-json\/wp\/v2\/users\/1"}],"replies":[{"embeddable":true,"href":"https:\/\/www.data-pro.nu\/fr\/wp-json\/wp\/v2\/comments?post=606"}],"version-history":[{"count":0,"href":"https:\/\/www.data-pro.nu\/fr\/wp-json\/wp\/v2\/pages\/606\/revisions"}],"wp:attachment":[{"href":"https:\/\/www.data-pro.nu\/fr\/wp-json\/wp\/v2\/media?parent=606"}],"curies":[{"name":"wp","href":"https:\/\/api.w.org\/{rel}","templated":true}]}}