{"id":498,"date":"2025-02-14T08:26:35","date_gmt":"2025-02-14T07:26:35","guid":{"rendered":"https:\/\/www.data-pro.nu\/?page_id=498"},"modified":"2025-04-13T21:29:14","modified_gmt":"2025-04-13T20:29:14","slug":"henro","status":"publish","type":"page","link":"https:\/\/www.data-pro.nu\/fr\/henro\/","title":{"rendered":"\u00c0 propos de Henro"},"content":{"rendered":"<div>\n<h2><a href=\"https:\/\/i0.wp.com\/www.data-pro.nu\/wp-content\/uploads\/2025\/04\/def-Groot.jpg?ssl=1\"><img data-recalc-dims=\"1\" loading=\"lazy\" decoding=\"async\" class=\"aligncenter wp-image-1350 size-full\" src=\"https:\/\/i0.wp.com\/www.data-pro.nu\/wp-content\/uploads\/2025\/04\/def-Groot.jpg?resize=1200%2C429&#038;ssl=1\" alt=\"\" width=\"1200\" height=\"429\" srcset=\"https:\/\/i0.wp.com\/www.data-pro.nu\/wp-content\/uploads\/2025\/04\/def-Groot.jpg?w=1920&amp;ssl=1 1920w, https:\/\/i0.wp.com\/www.data-pro.nu\/wp-content\/uploads\/2025\/04\/def-Groot.jpg?resize=600%2C214&amp;ssl=1 600w, https:\/\/i0.wp.com\/www.data-pro.nu\/wp-content\/uploads\/2025\/04\/def-Groot.jpg?resize=300%2C107&amp;ssl=1 300w, https:\/\/i0.wp.com\/www.data-pro.nu\/wp-content\/uploads\/2025\/04\/def-Groot.jpg?resize=1024%2C366&amp;ssl=1 1024w, https:\/\/i0.wp.com\/www.data-pro.nu\/wp-content\/uploads\/2025\/04\/def-Groot.jpg?resize=768%2C274&amp;ssl=1 768w, https:\/\/i0.wp.com\/www.data-pro.nu\/wp-content\/uploads\/2025\/04\/def-Groot.jpg?resize=1536%2C549&amp;ssl=1 1536w, https:\/\/i0.wp.com\/www.data-pro.nu\/wp-content\/uploads\/2025\/04\/def-Groot.jpg?resize=18%2C6&amp;ssl=1 18w\" sizes=\"auto, (max-width: 1200px) 100vw, 1200px\" \/><\/a><\/h2>\n<h2>\u00c0 propos de moi en tant qu'\u00eatre humain<\/h2>\n<div>Je suis Henro Veijer, p\u00e8re de deux enfants fantastiques qui sont actuellement dans la phase pubescente de leur vie. Ma fille est une personne cr\u00e9ative avec une imagination vive, tandis que mon fils a une passion pour les \u00e9crans. Avec ma femme, la m\u00e8re de nos enfants, nous formons une famille unie. Notre maison est compl\u00e9t\u00e9e par Salke, notre stabij frison, qui est un membre aim\u00e9 et pr\u00e9cieux de notre famille.<\/div>\n<h2><\/h2>\n<h2>Mon parcours<\/h2>\n<div>N\u00e9 et \u00e9lev\u00e9 \u00e0 Staphorst, j'ai pass\u00e9 une grande partie de mon enfance dans la r\u00e9gion de Meppel et Wanneperveen. Ma formation de journaliste de t\u00e9l\u00e9vision \u00e0 Zwolle a co\u00efncid\u00e9 avec l'essor de la t\u00e9l\u00e9vision commerciale aux Pays-Bas. Bien que je savais \u00e0 l'\u00e2ge de 14 ans que je voulais \u00eatre journaliste, au cours de ces changements, j'ai r\u00e9alis\u00e9 que ce nouveau paysage m\u00e9diatique n'\u00e9tait pas la fa\u00e7on dont je voulais construire ma vie. C'\u00e9tait une d\u00e9cision difficile, car tout ce temps, je me tenais avec mon c\u0153ur \u00e0 ce r\u00eave.<\/div>\n<div>Apr\u00e8s une p\u00e9riode en tant que directeur de l'animation dans les h\u00f4tels de Majorque, j'ai r\u00e9alis\u00e9 que je voulais faire quelque chose avec plus de profondeur et de sens. Cela m'a amen\u00e9 dans le monde de l'informatique, un domaine dans lequel mon passe-temps \u00e9tait depuis longtemps. Ce qui a commenc\u00e9 comme un travail de courte dur\u00e9e \u00e0 Enschede par le biais d'un d\u00e9tachement, s'est transform\u00e9 en un s\u00e9jour de deux ans, apr\u00e8s quoi j'ai d\u00e9cid\u00e9 de continuer \u00e0 vivre \u00e0 Twente. Je me sens chez moi ici et je ne veux pas partir, \u00e0 moins que nous ne d\u00e9m\u00e9nagions un jour en Norv\u00e8ge.<\/div>\n<h2><\/h2>\n<h2>Une p\u00e9riode critique<\/h2>\n<div>Au cours de cette p\u00e9riode, on m'a diagnostiqu\u00e9 une tumeur au cerveau, qui \u00e9tait probablement en d\u00e9veloppement depuis plusieurs ann\u00e9es. Apr\u00e8s une op\u00e9ration et une p\u00e9riode intensive de r\u00e9cup\u00e9ration, je suis bien revenu. Bien que ce f\u00fbt une p\u00e9riode difficile \u00e0 l'\u00e9poque, je ne pouvais pas vraiment penser \u00e0 son impact jusqu'\u00e0 plus tard. Heureusement, j'ai surv\u00e9cu sans dommages permanents. C'\u00e9tait un moment difficile dans ma vie, mais je ne m'en suis rendu compte qu'\u00e0 la fin.<\/div>\n<h2><\/h2>\n<h2>Mon implication dans la soci\u00e9t\u00e9<\/h2>\n<div>En plus de ma famille et de mon travail, j'ai \u00e9t\u00e9 actif au sein du conseil d'administration de la succursale locale de GroenLinks et j'ai \u00e9t\u00e9 directeur de campagne pour les \u00e9lections municipales de 2021. J'esp\u00e8re revenir \u00e0 ce r\u00f4le un jour, car je crois fermement en un mode de vie durable et social. J'essaie \u00e9galement de jeter des ponts entre les diff\u00e9rents groupes de la soci\u00e9t\u00e9, car je crois que la compr\u00e9hension et la compr\u00e9hension sont plus importantes que les jugements rapides.<\/div>\n<div>Un exemple important de notre implication est que nous avons pris soin d'une m\u00e8re et d'une fille d'Ukraine pendant un an. C'\u00e9tait une \u00e9poque o\u00f9 nous ne fournissions pas seulement un soutien physique, mais aussi un soutien \u00e9motionnel \u00e0 une famille touch\u00e9e par la guerre et l'ins\u00e9curit\u00e9. Cette exp\u00e9rience nous a rendus encore plus forts en tant que famille et nous a montr\u00e9 \u00e0 quel point il est important de se tenir \u00e0 bras ouverts pour les autres dans le besoin. Cela montre que ma famille est heureusement bienveillante dans la vie, toujours pr\u00eate \u00e0 contribuer \u00e0 un monde meilleur.<\/div>\n<div>Ces exp\u00e9riences ont renforc\u00e9 ma conviction que le monde n'est ni noir ni blanc, ni juste ni faux. J'essaie toujours de combler le foss\u00e9 entre la gauche et la droite, entre les diff\u00e9rentes opinions et les diff\u00e9rents milieux. Juger les gens est tr\u00e8s facile, mais la compr\u00e9hension et la compr\u00e9hension sont beaucoup plus difficiles. C'est un d\u00e9fi que j'aime relever, car je crois que la compr\u00e9hension mutuelle est la base d'une soci\u00e9t\u00e9 meilleure.<\/div>\n<h2><\/h2>\n<h2>Ma passion pour parler et pr\u00e9senter<\/h2>\n<div>R\u00e9cemment, j'ai rejoint Toastmasters Twente, o\u00f9 je peux d\u00e9velopper ma passion pour parler et pr\u00e9senter. C'est un endroit o\u00f9 je peux apprendre \u00e0 transmettre ma vision et o\u00f9 je m'amuse beaucoup. J'appr\u00e9cie l'occasion d'apprendre \u00e0 propager efficacement mes id\u00e9es et \u00e0 inspirer les autres.<\/div>\n<div><\/div>\n<\/div>\n<div><\/div>\n<div><\/div>\n<div>\n<h2>Fier de ma femme<\/h2>\n<div>Je suis particuli\u00e8rement fi\u00e8re de ma femme, qui a r\u00e9cemment quitt\u00e9 son emploi dans les soins de sant\u00e9 pour se recycler en tant que professeur de sciences sociales. \u00c9tant donn\u00e9 mon propre int\u00e9r\u00eat pour l'\u00e9ducation, je ne peux m'emp\u00eacher d'\u00eatre jaloux d'elle et d'admirer son courage et son d\u00e9vouement. Sa d\u00e9cision de prendre une nouvelle direction est une source d'inspiration pour moi et je la soutiens pleinement dans cette \u00e9tape.<\/div>\n<\/div>","protected":false},"excerpt":{"rendered":"<p>Je suis Henro Veijer, p\u00e8re de deux enfants fantastiques qui sont actuellement dans la phase adolescente de leur vie. Ma fille est une personne cr\u00e9ative avec une imagination vive, tandis que mon fils a une passion pour les \u00e9crans. Avec ma femme, la m\u00e8re de nos enfants, nous formons une [...]<\/p>","protected":false},"author":1,"featured_media":0,"parent":0,"menu_order":0,"comment_status":"closed","ping_status":"closed","template":"","meta":{"advanced_seo_description":"","jetpack_seo_html_title":"","jetpack_seo_noindex":false,"ocean_post_layout":"full-width","ocean_both_sidebars_style":"","ocean_both_sidebars_content_width":0,"ocean_both_sidebars_sidebars_width":0,"ocean_sidebar":"ocs-personalsidebar","ocean_second_sidebar":"0","ocean_disable_margins":"enable","ocean_add_body_class":"","ocean_shortcode_before_top_bar":"","ocean_shortcode_after_top_bar":"","ocean_shortcode_before_header":"","ocean_shortcode_after_header":"","ocean_has_shortcode":"","ocean_shortcode_after_title":"","ocean_shortcode_before_footer_widgets":"","ocean_shortcode_after_footer_widgets":"","ocean_shortcode_before_footer_bottom":"","ocean_shortcode_after_footer_bottom":"","ocean_display_top_bar":"default","ocean_display_header":"default","ocean_header_style":"","ocean_center_header_left_menu":"0","ocean_custom_header_template":"0","ocean_custom_logo":0,"ocean_custom_retina_logo":0,"ocean_custom_logo_max_width":0,"ocean_custom_logo_tablet_max_width":0,"ocean_custom_logo_mobile_max_width":0,"ocean_custom_logo_max_height":0,"ocean_custom_logo_tablet_max_height":0,"ocean_custom_logo_mobile_max_height":0,"ocean_header_custom_menu":"0","ocean_menu_typo_font_family":"0","ocean_menu_typo_font_subset":"","ocean_menu_typo_font_size":0,"ocean_menu_typo_font_size_tablet":0,"ocean_menu_typo_font_size_mobile":0,"ocean_menu_typo_font_size_unit":"px","ocean_menu_typo_font_weight":"","ocean_menu_typo_font_weight_tablet":"","ocean_menu_typo_font_weight_mobile":"","ocean_menu_typo_transform":"","ocean_menu_typo_transform_tablet":"","ocean_menu_typo_transform_mobile":"","ocean_menu_typo_line_height":0,"ocean_menu_typo_line_height_tablet":0,"ocean_menu_typo_line_height_mobile":0,"ocean_menu_typo_line_height_unit":"","ocean_menu_typo_spacing":0,"ocean_menu_typo_spacing_tablet":0,"ocean_menu_typo_spacing_mobile":0,"ocean_menu_typo_spacing_unit":"","ocean_menu_link_color":"","ocean_menu_link_color_hover":"","ocean_menu_link_color_active":"","ocean_menu_link_background":"","ocean_menu_link_hover_background":"","ocean_menu_link_active_background":"","ocean_menu_social_links_bg":"","ocean_menu_social_hover_links_bg":"","ocean_menu_social_links_color":"","ocean_menu_social_hover_links_color":"","ocean_disable_title":"default","ocean_disable_heading":"default","ocean_post_title":"","ocean_post_subheading":"","ocean_post_title_style":"","ocean_post_title_background_color":"","ocean_post_title_background":0,"ocean_post_title_bg_image_position":"","ocean_post_title_bg_image_attachment":"","ocean_post_title_bg_image_repeat":"","ocean_post_title_bg_image_size":"","ocean_post_title_height":0,"ocean_post_title_bg_overlay":0.5,"ocean_post_title_bg_overlay_color":"","ocean_disable_breadcrumbs":"default","ocean_breadcrumbs_color":"","ocean_breadcrumbs_separator_color":"","ocean_breadcrumbs_links_color":"","ocean_breadcrumbs_links_hover_color":"","ocean_display_footer_widgets":"default","ocean_display_footer_bottom":"default","ocean_custom_footer_template":"0","jetpack_post_was_ever_published":false,"footnotes":""},"class_list":["post-498","page","type-page","status-publish","hentry","entry"],"jetpack_sharing_enabled":true,"_links":{"self":[{"href":"https:\/\/www.data-pro.nu\/fr\/wp-json\/wp\/v2\/pages\/498","targetHints":{"allow":["GET"]}}],"collection":[{"href":"https:\/\/www.data-pro.nu\/fr\/wp-json\/wp\/v2\/pages"}],"about":[{"href":"https:\/\/www.data-pro.nu\/fr\/wp-json\/wp\/v2\/types\/page"}],"author":[{"embeddable":true,"href":"https:\/\/www.data-pro.nu\/fr\/wp-json\/wp\/v2\/users\/1"}],"replies":[{"embeddable":true,"href":"https:\/\/www.data-pro.nu\/fr\/wp-json\/wp\/v2\/comments?post=498"}],"version-history":[{"count":0,"href":"https:\/\/www.data-pro.nu\/fr\/wp-json\/wp\/v2\/pages\/498\/revisions"}],"wp:attachment":[{"href":"https:\/\/www.data-pro.nu\/fr\/wp-json\/wp\/v2\/media?parent=498"}],"curies":[{"name":"wp","href":"https:\/\/api.w.org\/{rel}","templated":true}]}}