{"id":473,"date":"2025-02-13T23:33:55","date_gmt":"2025-02-13T22:33:55","guid":{"rendered":"https:\/\/www.data-pro.nu\/?page_id=473"},"modified":"2025-04-13T21:29:54","modified_gmt":"2025-04-13T20:29:54","slug":"gastdocent-spreker","status":"publish","type":"page","link":"https:\/\/www.data-pro.nu\/fr\/gastdocent-spreker\/","title":{"rendered":"Le conf\u00e9rencier invit\u00e9 \/ conf\u00e9rencier \/ formateur"},"content":{"rendered":"<h1><a href=\"https:\/\/i0.wp.com\/www.data-pro.nu\/wp-content\/uploads\/2025\/04\/MIREILLE-DROSTE-91.jpg?ssl=1\"><img data-recalc-dims=\"1\" loading=\"lazy\" decoding=\"async\" class=\"aligncenter wp-image-1437 size-large\" src=\"https:\/\/i0.wp.com\/www.data-pro.nu\/wp-content\/uploads\/2025\/04\/MIREILLE-DROSTE-91.jpg?resize=1024%2C683&#038;ssl=1\" alt=\"\" width=\"1024\" height=\"683\" srcset=\"https:\/\/i0.wp.com\/www.data-pro.nu\/wp-content\/uploads\/2025\/04\/MIREILLE-DROSTE-91.jpg?resize=1024%2C683&amp;ssl=1 1024w, https:\/\/i0.wp.com\/www.data-pro.nu\/wp-content\/uploads\/2025\/04\/MIREILLE-DROSTE-91.jpg?resize=600%2C400&amp;ssl=1 600w, https:\/\/i0.wp.com\/www.data-pro.nu\/wp-content\/uploads\/2025\/04\/MIREILLE-DROSTE-91.jpg?resize=300%2C200&amp;ssl=1 300w, https:\/\/i0.wp.com\/www.data-pro.nu\/wp-content\/uploads\/2025\/04\/MIREILLE-DROSTE-91.jpg?resize=768%2C512&amp;ssl=1 768w, https:\/\/i0.wp.com\/www.data-pro.nu\/wp-content\/uploads\/2025\/04\/MIREILLE-DROSTE-91.jpg?resize=1536%2C1024&amp;ssl=1 1536w, https:\/\/i0.wp.com\/www.data-pro.nu\/wp-content\/uploads\/2025\/04\/MIREILLE-DROSTE-91.jpg?resize=18%2C12&amp;ssl=1 18w, https:\/\/i0.wp.com\/www.data-pro.nu\/wp-content\/uploads\/2025\/04\/MIREILLE-DROSTE-91.jpg?w=1600&amp;ssl=1 1600w\" sizes=\"auto, (max-width: 1024px) 100vw, 1024px\" \/><\/a>Conf\u00e9rencier invit\u00e9 \/ Conf\u00e9rencier \/ Formateur<\/h1>\n<div>En tant que personne toujours \u00e0 la recherche de nouveaux d\u00e9fis et de nouvelles connaissances, j'aime particuli\u00e8rement enseigner les choses aux gens de mani\u00e8re interactive. J'aime faire un voyage de d\u00e9couverte ensemble, o\u00f9 non seulement je transf\u00e8re des connaissances, mais aussi j'apprends moi-m\u00eame. Cela rend chaque session unique et engageante, \u00e0 la fois pour moi et pour les participants.<\/div>\n<h2><\/h2>\n<h2>Disponibilit\u00e9 pour Gastles en Trainingen<\/h2>\n<div>Je suis disponible en tant que conf\u00e9rencier invit\u00e9, conf\u00e9rencier ou formateur et j'aime transf\u00e9rer mon expertise et mon exp\u00e9rience d'une mani\u00e8re qui convient aux besoins et aux int\u00e9r\u00eats des participants. Mon objectif est de rendre le transfert de connaissances aussi accessible et engageant que possible, afin que tout le monde ait quelque chose \u00e0 y gagner.<\/div>\n<h2><\/h2>\n<h2>Sujets pour les le\u00e7ons et les formations d'invit\u00e9s<\/h2>\n<h3><\/h3>\n<h3>Donn\u00e9es et technologie<\/h3>\n<div>Gr\u00e2ce \u00e0 mon exp\u00e9rience en ing\u00e9nierie des donn\u00e9es et en intelligence d'affaires, je suis en mesure d'offrir un large \u00e9ventail de sujets:<\/div>\n<div><strong>Analyse de donn\u00e9es et business intelligence:<\/strong> Comment analyser et utiliser efficacement les donn\u00e9es pour soutenir les d\u00e9cisions d'affaires.<\/div>\n<div><strong>Microsoft PowerBI et Azure:<\/strong> Comprendre comment utiliser ces outils puissants pour la visualisation de donn\u00e9es et les solutions bas\u00e9es sur le cloud.<\/div>\n<div><strong>SQL et bases de donn\u00e9es:<\/strong> Connaissances pratiques sur le travail avec SQL et la gestion des bases de donn\u00e9es.<\/div>\n<div><strong>IA et apprentissage automatique:<\/strong> Une introduction \u00e0 la mani\u00e8re dont l'IA et l'apprentissage automatique peuvent \u00eatre appliqu\u00e9s dans diff\u00e9rents secteurs.<\/div>\n<h3><\/h3>\n<h3>Pr\u00e9sentation des techniques<\/h3>\n<div>Une de mes sp\u00e9cialit\u00e9s est de donner des formations en techniques de pr\u00e9sentation. J'aide les autres \u00e0 transmettre leur message de mani\u00e8re claire et convaincante, qu'ils parlent devant un public technique ou non technique. Mon exp\u00e9rience chez Toastmasters International a encore affin\u00e9 mes propres comp\u00e9tences, et je suis heureux de transf\u00e9rer ces connaissances \u00e0 d'autres.<\/div>\n<h3><\/h3>\n<h3>D\u00e9veloppement personnel<\/h3>\n<div>En plus des sujets techniques, je suis \u00e9galement passionn\u00e9e par le d\u00e9veloppement personnel. Je propose des formations dans:<\/div>\n<div><strong>Comp\u00e9tences en communication:<\/strong> Comment communiquer efficacement dans des contextes professionnels et personnels.<\/div>\n<div><strong>\u00c9quipe et collaboration:<\/strong> Strat\u00e9gies pour constituer des \u00e9quipes et am\u00e9liorer la collaboration.<\/div>\n<h2><\/h2>\n<h2>Mon approche<\/h2>\n<div>Mon approche est toujours interactive et ax\u00e9e sur la pratique. Je crois fermement \u00e0 l'importance d'impliquer les participants et d'encourager une participation active. En travaillant ensemble sur des cas r\u00e9els et des missions pratiques, je m'assure que les connaissances sont directement applicables dans la pratique quotidienne.<\/div>\n<h2><\/h2>\n<h2>Contact<\/h2>\n<div>\u00cates-vous int\u00e9ress\u00e9 par une le\u00e7on, une pr\u00e9sentation ou une formation? N'h\u00e9sitez pas \u00e0 me contacter. J'ai h\u00e2te d'explorer et de partager de nouvelles id\u00e9es avec vous et votre \u00e9quipe.<\/div>\n<div>Faites-moi savoir comment je peux vous aider \u00e0 d\u00e9velopper davantage vos connaissances et vos comp\u00e9tences!<\/div>","protected":false},"excerpt":{"rendered":"<p>Conf\u00e9rencier invit\u00e9 \/ Conf\u00e9rencier \/ Formateur En tant que personne toujours \u00e0 la recherche de nouveaux d\u00e9fis et de nouvelles connaissances, j'aime particuli\u00e8rement enseigner les choses aux gens de mani\u00e8re interactive. J'aime faire un voyage de d\u00e9couverte ensemble, o\u00f9 non seulement je transf\u00e8re des connaissances, mais aussi j'apprends moi-m\u00eame. Cela rend chaque [...]<\/p>","protected":false},"author":1,"featured_media":0,"parent":0,"menu_order":0,"comment_status":"closed","ping_status":"closed","template":"","meta":{"advanced_seo_description":"","jetpack_seo_html_title":"","jetpack_seo_noindex":false,"ocean_post_layout":"full-width","ocean_both_sidebars_style":"","ocean_both_sidebars_content_width":0,"ocean_both_sidebars_sidebars_width":0,"ocean_sidebar":"ocs-speaker","ocean_second_sidebar":"0","ocean_disable_margins":"enable","ocean_add_body_class":"","ocean_shortcode_before_top_bar":"","ocean_shortcode_after_top_bar":"","ocean_shortcode_before_header":"","ocean_shortcode_after_header":"","ocean_has_shortcode":"","ocean_shortcode_after_title":"","ocean_shortcode_before_footer_widgets":"","ocean_shortcode_after_footer_widgets":"","ocean_shortcode_before_footer_bottom":"","ocean_shortcode_after_footer_bottom":"","ocean_display_top_bar":"default","ocean_display_header":"default","ocean_header_style":"","ocean_center_header_left_menu":"0","ocean_custom_header_template":"0","ocean_custom_logo":0,"ocean_custom_retina_logo":0,"ocean_custom_logo_max_width":0,"ocean_custom_logo_tablet_max_width":0,"ocean_custom_logo_mobile_max_width":0,"ocean_custom_logo_max_height":0,"ocean_custom_logo_tablet_max_height":0,"ocean_custom_logo_mobile_max_height":0,"ocean_header_custom_menu":"0","ocean_menu_typo_font_family":"0","ocean_menu_typo_font_subset":"","ocean_menu_typo_font_size":0,"ocean_menu_typo_font_size_tablet":0,"ocean_menu_typo_font_size_mobile":0,"ocean_menu_typo_font_size_unit":"px","ocean_menu_typo_font_weight":"","ocean_menu_typo_font_weight_tablet":"","ocean_menu_typo_font_weight_mobile":"","ocean_menu_typo_transform":"","ocean_menu_typo_transform_tablet":"","ocean_menu_typo_transform_mobile":"","ocean_menu_typo_line_height":0,"ocean_menu_typo_line_height_tablet":0,"ocean_menu_typo_line_height_mobile":0,"ocean_menu_typo_line_height_unit":"","ocean_menu_typo_spacing":0,"ocean_menu_typo_spacing_tablet":0,"ocean_menu_typo_spacing_mobile":0,"ocean_menu_typo_spacing_unit":"","ocean_menu_link_color":"","ocean_menu_link_color_hover":"","ocean_menu_link_color_active":"","ocean_menu_link_background":"","ocean_menu_link_hover_background":"","ocean_menu_link_active_background":"","ocean_menu_social_links_bg":"","ocean_menu_social_hover_links_bg":"","ocean_menu_social_links_color":"","ocean_menu_social_hover_links_color":"","ocean_disable_title":"default","ocean_disable_heading":"default","ocean_post_title":"","ocean_post_subheading":"","ocean_post_title_style":"","ocean_post_title_background_color":"","ocean_post_title_background":0,"ocean_post_title_bg_image_position":"","ocean_post_title_bg_image_attachment":"","ocean_post_title_bg_image_repeat":"","ocean_post_title_bg_image_size":"","ocean_post_title_height":0,"ocean_post_title_bg_overlay":0.5,"ocean_post_title_bg_overlay_color":"","ocean_disable_breadcrumbs":"default","ocean_breadcrumbs_color":"","ocean_breadcrumbs_separator_color":"","ocean_breadcrumbs_links_color":"","ocean_breadcrumbs_links_hover_color":"","ocean_display_footer_widgets":"default","ocean_display_footer_bottom":"default","ocean_custom_footer_template":"0","jetpack_post_was_ever_published":false,"footnotes":""},"class_list":["post-473","page","type-page","status-publish","hentry","entry"],"jetpack_sharing_enabled":true,"_links":{"self":[{"href":"https:\/\/www.data-pro.nu\/fr\/wp-json\/wp\/v2\/pages\/473","targetHints":{"allow":["GET"]}}],"collection":[{"href":"https:\/\/www.data-pro.nu\/fr\/wp-json\/wp\/v2\/pages"}],"about":[{"href":"https:\/\/www.data-pro.nu\/fr\/wp-json\/wp\/v2\/types\/page"}],"author":[{"embeddable":true,"href":"https:\/\/www.data-pro.nu\/fr\/wp-json\/wp\/v2\/users\/1"}],"replies":[{"embeddable":true,"href":"https:\/\/www.data-pro.nu\/fr\/wp-json\/wp\/v2\/comments?post=473"}],"version-history":[{"count":0,"href":"https:\/\/www.data-pro.nu\/fr\/wp-json\/wp\/v2\/pages\/473\/revisions"}],"wp:attachment":[{"href":"https:\/\/www.data-pro.nu\/fr\/wp-json\/wp\/v2\/media?parent=473"}],"curies":[{"name":"wp","href":"https:\/\/api.w.org\/{rel}","templated":true}]}}