{"id":1132,"date":"2025-03-14T11:24:58","date_gmt":"2025-03-14T10:24:58","guid":{"rendered":"https:\/\/www.data-pro.nu\/?page_id=1132"},"modified":"2025-09-23T10:36:54","modified_gmt":"2025-09-23T09:36:54","slug":"nextcloud","status":"publish","type":"page","link":"https:\/\/www.data-pro.nu\/fr\/nextcloud\/","title":{"rendered":"NextCloud"},"content":{"rendered":"<p data-start=\"69\" data-end=\"133\"><strong data-start=\"71\" data-end=\"131\"><img data-recalc-dims=\"1\" loading=\"lazy\" decoding=\"async\" class=\"size-medium wp-image-1224 alignright\" src=\"https:\/\/i0.wp.com\/www.data-pro.nu\/wp-content\/uploads\/2025\/03\/nextcloud-gmbh-logo-vector.png?resize=300%2C167&#038;ssl=1\" alt=\"\" width=\"300\" height=\"167\" srcset=\"https:\/\/i0.wp.com\/www.data-pro.nu\/wp-content\/uploads\/2025\/03\/nextcloud-gmbh-logo-vector.png?resize=300%2C167&amp;ssl=1 300w, https:\/\/i0.wp.com\/www.data-pro.nu\/wp-content\/uploads\/2025\/03\/nextcloud-gmbh-logo-vector.png?resize=768%2C427&amp;ssl=1 768w, https:\/\/i0.wp.com\/www.data-pro.nu\/wp-content\/uploads\/2025\/03\/nextcloud-gmbh-logo-vector.png?w=900&amp;ssl=1 900w\" sizes=\"auto, (max-width: 300px) 100vw, 300px\" \/>Mise \u00e0 jour: <\/strong>Aller \u00e0 <a href=\"https:\/\/nextcloud.data-pro.nu\" target=\"_blank\" rel=\"noopener\">nextcloud.data-pro.nu<\/a> pour jouer avec notre propre instance Nextcloud<strong data-start=\"71\" data-end=\"131\"><br \/><\/strong>utilisateur<strong data-start=\"71\" data-end=\"131\">: invit\u00e9 \u2013\u00a0\u00a0<\/strong><strong data-start=\"71\" data-end=\"131\">mot de passe: <\/strong>Letsplay !!!<\/p>\n<p>Nextcloud: S\u00fbr, ind\u00e9pendant et fiable<\/p>\n<p data-start=\"135\" data-end=\"308\">Voulez-vous \u00eatre moins d\u00e9pendant de Microsoft 365 et Big Tech en tant qu'entreprise? Envisagez de passer \u00e0 <strong data-start=\"238\" data-end=\"251\">Nextcloud<\/strong>, Mais vous ne savez pas par o\u00f9 commencer? Je suis heureux de vous aider.<\/p>\n<p data-start=\"310\" data-end=\"688\">Mon objectif est de soutenir les PME dans la transition s\u00fbre et efficace vers <strong data-start=\"401\" data-end=\"414\">Nextcloud<\/strong>, une alternative puissante et respectueuse de la vie priv\u00e9e \u00e0 OneDrive et SharePoint. Je le fais non seulement gr\u00e2ce \u00e0 mon expertise, mais surtout gr\u00e2ce \u00e0 ma conviction que l'Europe doit avoir plus de contr\u00f4le sur ses propres donn\u00e9es, sans d\u00e9pendre du Big Tech am\u00e9ricain.<\/p>\n<p data-start=\"690\" data-end=\"735\">J'offre des conseils dans les domaines suivants:<\/p>\n<h3 data-start=\"737\" data-end=\"799\"><strong data-start=\"741\" data-end=\"797\">\u2714 Aide \u00e0 trouver le bon h\u00e9bergeur Nextcloud<\/strong><\/h3>\n<p data-start=\"800\" data-end=\"1033\">Tous les h\u00e9bergeurs n'offrent pas la fiabilit\u00e9 et les performances dont vous avez besoin en tant qu'entreprise. Je vous aiderai \u00e0 trouver un h\u00e9bergeur europ\u00e9en qui r\u00e9pond \u00e0 vos exigences dans le domaine de <strong data-start=\"989\" data-end=\"1030\">confidentialit\u00e9, s\u00e9curit\u00e9 et \u00e9volutivit\u00e9<\/strong>.<\/p>\n<h3 data-start=\"1035\" data-end=\"1088\"><strong data-start=\"1039\" data-end=\"1086\">\u2714 Installation et configuration de Nextcloud<\/strong><\/h3>\n<p data-start=\"1089\" data-end=\"1333\">Que vous souhaitiez ex\u00e9cuter Nextcloud sur votre propre serveur ou avec un h\u00e9bergeur externe, je vous <strong data-start=\"1185\" data-end=\"1233\">installation en douceur et configuration optimale<\/strong>. Pensez \u00e0 la gestion des utilisateurs, aux param\u00e8tres de stockage, \u00e0 l'int\u00e9gration avec le courrier \u00e9lectronique et d'autres logiciels d'entreprise.<\/p>\n<h3 data-start=\"1335\" data-end=\"1406\"><strong data-start=\"1339\" data-end=\"1404\">\u2714 M\u00e9diation pour trouver un fournisseur SaaS appropri\u00e9<\/strong><\/h3>\n<p data-start=\"1407\" data-end=\"1603\">Toutes les entreprises ne veulent pas h\u00e9berger Nextcloud elle-m\u00eame. Je t'aiderai \u00e0 en trouver un fiable. <strong data-start=\"1497\" data-end=\"1515\">Solution SaaS<\/strong> qui offre \u00e0 votre entreprise les avantages de Nextcloud, sans la complexit\u00e9 technique.<\/p>\n<h3 data-start=\"1605\" data-end=\"1654\"><strong data-start=\"1609\" data-end=\"1652\">\u2714 Formation et orientation du personnel<\/strong><\/h3>\n<p data-start=\"1655\" data-end=\"1866\">Un bon syst\u00e8me n'est efficace que si les employ\u00e9s l'utilisent correctement. C'est pour \u00e7a que j'offre <strong data-start=\"1744\" data-end=\"1773\">instruction et orientation<\/strong> afin de familiariser rapidement les \u00e9quipes avec Nextcloud et de tirer pleinement parti de ses avantages.<\/p>\n<hr data-start=\"1868\" data-end=\"1871\" \/>\n<h2 data-start=\"1873\" data-end=\"1928\"><strong data-start=\"1876\" data-end=\"1926\">Des tarifs abordables, motiv\u00e9s par la conviction<\/strong><\/h2>\n<p data-start=\"1929\" data-end=\"2171\">J'offre ces services <strong data-start=\"1951\" data-end=\"1986\">\u00e0 un taux raisonnablement bas<\/strong>, parce que je vois cette transition non seulement comme une opportunit\u00e9 d'affaires, mais surtout comme un moyen de contribuer \u00e0 une <strong data-start=\"2104\" data-end=\"2168\">une Europe plus respectueuse de la vie priv\u00e9e et technologiquement ind\u00e9pendante<\/strong>.<\/p>\n<p data-start=\"2173\" data-end=\"2251\">Vous vous demandez comment je peux aider votre entreprise \u00e0 changer? Contactez-moi!<\/p>\n<p data-start=\"2253\" data-end=\"2356\">?? <strong data-start=\"2256\" data-end=\"2276\"><a rel=\"noopener\" data-start=\"2258\" data-end=\"2274\">info@aeventir.nl<\/a><\/strong><br data-start=\"2276\" data-end=\"2279\" \/>?? <strong data-start=\"2282\" data-end=\"2292\">Signal<\/strong><br data-start=\"2292\" data-end=\"2295\" \/>?? <strong data-start=\"2298\" data-end=\"2354\"><a href=\"https:\/\/www.linkedin.com\/in\/henroveijer\/\" target=\"_new\" rel=\"noopener\" data-start=\"2300\" data-end=\"2352\">LinkedIn<\/a><\/strong><\/p>\n<p data-start=\"2358\" data-end=\"2483\">?? <strong data-start=\"2361\" data-end=\"2407\">Plus d'informations sur ma vision et mon approche?<\/strong> Lire mon <a href=\"https:\/\/www.data-pro.nu\/fr\/tag\/weg-van-big-tech\/\" rel=\"noopener\" data-start=\"2418\" data-end=\"2428\">blogs<\/a> sur les d\u00e9fis et les solutions entourant Nextcloud.<\/p>\n\n<div class=\"wp-block-jetpack-contact-form is-layout-flex wp-container-jetpack-contact-form-is-layout-faa3ad1c wp-block-jetpack-contact-form-is-layout-flex\"><a href=\"https:\/\/www.data-pro.nu\/fr\/nextcloud\/\" target=\"_blank\" rel=\"noopener noreferrer\">Soumettre un formular.<\/a><\/div>","protected":false},"excerpt":{"rendered":"<p>Mise \u00e0 jour: Allez sur nextcloud.data-pro.nu pour jouer avec notre propre instanceuser Nextcloud: invit\u00e9 \u2013 mot de passe: Quelque chosejouer !!! Nextcloud: Voulez-vous, en tant qu'entreprise, \u00eatre moins d\u00e9pendant de Microsoft 365 et Big Tech? Envisagez-vous de d\u00e9m\u00e9nager chez Nextcloud, mais vous ne savez pas par o\u00f9 commencer? Je suis heureux de vous aider. Mon objectif est d'aider les petites et moyennes entreprises [...]<\/p>","protected":false},"author":1,"featured_media":0,"parent":0,"menu_order":0,"comment_status":"closed","ping_status":"closed","template":"","meta":{"advanced_seo_description":"","jetpack_seo_html_title":"","jetpack_seo_noindex":false,"ocean_post_layout":"","ocean_both_sidebars_style":"","ocean_both_sidebars_content_width":0,"ocean_both_sidebars_sidebars_width":0,"ocean_sidebar":"ocs-nextcloudsidebar","ocean_second_sidebar":"0","ocean_disable_margins":"enable","ocean_add_body_class":"","ocean_shortcode_before_top_bar":"","ocean_shortcode_after_top_bar":"","ocean_shortcode_before_header":"","ocean_shortcode_after_header":"","ocean_has_shortcode":"","ocean_shortcode_after_title":"","ocean_shortcode_before_footer_widgets":"","ocean_shortcode_after_footer_widgets":"","ocean_shortcode_before_footer_bottom":"","ocean_shortcode_after_footer_bottom":"","ocean_display_top_bar":"default","ocean_display_header":"default","ocean_header_style":"","ocean_center_header_left_menu":"0","ocean_custom_header_template":"0","ocean_custom_logo":0,"ocean_custom_retina_logo":0,"ocean_custom_logo_max_width":0,"ocean_custom_logo_tablet_max_width":0,"ocean_custom_logo_mobile_max_width":0,"ocean_custom_logo_max_height":0,"ocean_custom_logo_tablet_max_height":0,"ocean_custom_logo_mobile_max_height":0,"ocean_header_custom_menu":"0","ocean_menu_typo_font_family":"0","ocean_menu_typo_font_subset":"","ocean_menu_typo_font_size":0,"ocean_menu_typo_font_size_tablet":0,"ocean_menu_typo_font_size_mobile":0,"ocean_menu_typo_font_size_unit":"px","ocean_menu_typo_font_weight":"","ocean_menu_typo_font_weight_tablet":"","ocean_menu_typo_font_weight_mobile":"","ocean_menu_typo_transform":"","ocean_menu_typo_transform_tablet":"","ocean_menu_typo_transform_mobile":"","ocean_menu_typo_line_height":0,"ocean_menu_typo_line_height_tablet":0,"ocean_menu_typo_line_height_mobile":0,"ocean_menu_typo_line_height_unit":"","ocean_menu_typo_spacing":0,"ocean_menu_typo_spacing_tablet":0,"ocean_menu_typo_spacing_mobile":0,"ocean_menu_typo_spacing_unit":"","ocean_menu_link_color":"","ocean_menu_link_color_hover":"","ocean_menu_link_color_active":"","ocean_menu_link_background":"","ocean_menu_link_hover_background":"","ocean_menu_link_active_background":"","ocean_menu_social_links_bg":"","ocean_menu_social_hover_links_bg":"","ocean_menu_social_links_color":"","ocean_menu_social_hover_links_color":"","ocean_disable_title":"default","ocean_disable_heading":"default","ocean_post_title":"","ocean_post_subheading":"","ocean_post_title_style":"","ocean_post_title_background_color":"","ocean_post_title_background":0,"ocean_post_title_bg_image_position":"","ocean_post_title_bg_image_attachment":"","ocean_post_title_bg_image_repeat":"","ocean_post_title_bg_image_size":"","ocean_post_title_height":0,"ocean_post_title_bg_overlay":0.5,"ocean_post_title_bg_overlay_color":"","ocean_disable_breadcrumbs":"default","ocean_breadcrumbs_color":"","ocean_breadcrumbs_separator_color":"","ocean_breadcrumbs_links_color":"","ocean_breadcrumbs_links_hover_color":"","ocean_display_footer_widgets":"default","ocean_display_footer_bottom":"default","ocean_custom_footer_template":"0","jetpack_post_was_ever_published":false,"footnotes":""},"class_list":["post-1132","page","type-page","status-publish","hentry","entry"],"jetpack_sharing_enabled":true,"_links":{"self":[{"href":"https:\/\/www.data-pro.nu\/fr\/wp-json\/wp\/v2\/pages\/1132","targetHints":{"allow":["GET"]}}],"collection":[{"href":"https:\/\/www.data-pro.nu\/fr\/wp-json\/wp\/v2\/pages"}],"about":[{"href":"https:\/\/www.data-pro.nu\/fr\/wp-json\/wp\/v2\/types\/page"}],"author":[{"embeddable":true,"href":"https:\/\/www.data-pro.nu\/fr\/wp-json\/wp\/v2\/users\/1"}],"replies":[{"embeddable":true,"href":"https:\/\/www.data-pro.nu\/fr\/wp-json\/wp\/v2\/comments?post=1132"}],"version-history":[{"count":0,"href":"https:\/\/www.data-pro.nu\/fr\/wp-json\/wp\/v2\/pages\/1132\/revisions"}],"wp:attachment":[{"href":"https:\/\/www.data-pro.nu\/fr\/wp-json\/wp\/v2\/media?parent=1132"}],"curies":[{"name":"wp","href":"https:\/\/api.w.org\/{rel}","templated":true}]}}