{"id":643,"date":"2025-02-14T17:02:50","date_gmt":"2025-02-14T16:02:50","guid":{"rendered":"https:\/\/www.data-pro.nu\/?page_id=643"},"modified":"2025-04-13T21:29:40","modified_gmt":"2025-04-13T20:29:40","slug":"de-founder","status":"publish","type":"page","link":"https:\/\/www.data-pro.nu\/de\/de-founder\/","title":{"rendered":"Der Gr\u00fcnder"},"content":{"rendered":"<div>\r\n<h2 class=\"wp-block-heading\"><a href=\"https:\/\/i0.wp.com\/www.data-pro.nu\/wp-content\/uploads\/2025\/04\/MIREILLE-DROSTE-Groot.jpg?ssl=1\"><img data-recalc-dims=\"1\" loading=\"lazy\" decoding=\"async\" class=\"aligncenter wp-image-1351 size-full\" src=\"https:\/\/i0.wp.com\/www.data-pro.nu\/wp-content\/uploads\/2025\/04\/MIREILLE-DROSTE-Groot.jpg?resize=1200%2C800&#038;ssl=1\" alt=\"\" width=\"1200\" height=\"800\" srcset=\"https:\/\/i0.wp.com\/www.data-pro.nu\/wp-content\/uploads\/2025\/04\/MIREILLE-DROSTE-Groot.jpg?w=1620&amp;ssl=1 1620w, https:\/\/i0.wp.com\/www.data-pro.nu\/wp-content\/uploads\/2025\/04\/MIREILLE-DROSTE-Groot.jpg?resize=600%2C400&amp;ssl=1 600w, https:\/\/i0.wp.com\/www.data-pro.nu\/wp-content\/uploads\/2025\/04\/MIREILLE-DROSTE-Groot.jpg?resize=300%2C200&amp;ssl=1 300w, https:\/\/i0.wp.com\/www.data-pro.nu\/wp-content\/uploads\/2025\/04\/MIREILLE-DROSTE-Groot.jpg?resize=1024%2C683&amp;ssl=1 1024w, https:\/\/i0.wp.com\/www.data-pro.nu\/wp-content\/uploads\/2025\/04\/MIREILLE-DROSTE-Groot.jpg?resize=768%2C512&amp;ssl=1 768w, https:\/\/i0.wp.com\/www.data-pro.nu\/wp-content\/uploads\/2025\/04\/MIREILLE-DROSTE-Groot.jpg?resize=1536%2C1024&amp;ssl=1 1536w, https:\/\/i0.wp.com\/www.data-pro.nu\/wp-content\/uploads\/2025\/04\/MIREILLE-DROSTE-Groot.jpg?resize=18%2C12&amp;ssl=1 18w\" sizes=\"auto, (max-width: 1200px) 100vw, 1200px\" \/><\/a>Meine Leidenschaft f\u00fcr Bildung<\/h2>\r\n<div>Ich hatte schon immer ein starkes Interesse am Unterrichten und Lehren. Die Geschichte zeigt, dass es einen klaren Zusammenhang zwischen Wohlstand, Wohlbefinden und Bildung gibt. Mit meinen eigenen Kindern habe ich gesehen, wie wichtig es ist, f\u00fcr jedes Kind den richtigen Ansatz zu w\u00e4hlen. Das ist etwas, an das ich mich sowohl an meiner Grund- als auch an meiner Sekundarschule gut erinnere.<\/div>\r\n<br \/>\r\n<h2>Inspiration von Nachbarn<\/h2>\r\n<div>Da meine Frau eine Umschulung zur Lehrerin f\u00fcr Sozialkunde absolviert hat, bin ich der Bildung n\u00e4her gekommen, als ich es mir je h\u00e4tte vorstellen k\u00f6nnen. Ich bin mit Themen in der Bildung in Kontakt gekommen, an die Sie nicht sofort denken. Ich erkannte, dass 100% Individuelle Bildung ist nicht machbar, denn dann braucht man f\u00fcr jedes Kind einen eigenen Lehrer und ein eigenes Programm. Aber Massenerziehung funktioniert auch nicht f\u00fcr alle, weil nicht alle Menschen Wissen auf die gleiche Weise aufnehmen.<\/div>\r\n<br \/>\r\n<div>Der Druck in der Bildung ist hoch und wird immer hoch bleiben, denn Bildung ist entscheidend und muss maximal wirksam sein.<\/div>\r\n<br \/>\r\n<h2>Die Verbindung zwischen KI und Bildung<\/h2>\r\n<div>Da ich immer auf der Suche nach Verbindungen und L\u00f6sungen bin, sah ich die M\u00f6glichkeit, KI mit Bildung zu kombinieren. Dies f\u00fchrte zu EduNEX, einer Initiative, um die Bildung zu verbessern, sie angemessener zu gestalten und vor allem mehr Spa\u00df zu machen. Indem wir die Effektivit\u00e4t der Bildung erh\u00f6hen, k\u00f6nnen wir der Gesellschaft besser dienen.<\/div>\r\n<br \/>\r\n<div>Je fr\u00fcher unsere Sch\u00fcler ausgebildet werden, desto mehr k\u00f6nnen sie zur Gesellschaft beitragen. Wissen Sie, wie viel Geld und M\u00fche die Gesellschaft an Schulabg\u00e4nger, Amtsinhaber und schlecht ausgebildete Menschen verliert?<\/div>\r\n<br \/>\r\n<h2>EduNEX: Mein Beitrag zu einer besseren Welt<\/h2>\r\n<div><a href=\"http:\/\/www.edunex.nl\" target=\"_blank\" rel=\"noopener\">EduNEX<\/a> ist meine Idee und mein Beitrag zu einer besseren Welt. Es ist ein Versuch, Bildung durch die Integration innovativer Methoden und Technologien zu transformieren. Ich glaube, dass wir durch eine wirksamere und attraktivere Bildung einen positiven Einfluss sowohl auf das individuelle Leben als auch auf die Gesellschaft insgesamt haben k\u00f6nnen.<\/div>\r\n<\/div>","protected":false},"excerpt":{"rendered":"<p>Meine Leidenschaft f\u00fcr Bildung Ich hatte schon immer ein starkes Interesse am Lehren und Lehren. Die Geschichte zeigt, dass es einen klaren Zusammenhang zwischen Wohlstand, Wohlbefinden und Bildung gibt. Mit meinen eigenen Kindern habe ich gesehen, wie wichtig es ist, f\u00fcr jedes Kind den richtigen Ansatz zu w\u00e4hlen. Das ist etwas, das [...]<\/p>","protected":false},"author":1,"featured_media":0,"parent":0,"menu_order":0,"comment_status":"closed","ping_status":"closed","template":"","meta":{"advanced_seo_description":"","jetpack_seo_html_title":"","jetpack_seo_noindex":false,"ocean_post_layout":"full-width","ocean_both_sidebars_style":"","ocean_both_sidebars_content_width":0,"ocean_both_sidebars_sidebars_width":0,"ocean_sidebar":"ocs-founder","ocean_second_sidebar":"0","ocean_disable_margins":"enable","ocean_add_body_class":"","ocean_shortcode_before_top_bar":"","ocean_shortcode_after_top_bar":"","ocean_shortcode_before_header":"","ocean_shortcode_after_header":"","ocean_has_shortcode":"","ocean_shortcode_after_title":"","ocean_shortcode_before_footer_widgets":"","ocean_shortcode_after_footer_widgets":"","ocean_shortcode_before_footer_bottom":"","ocean_shortcode_after_footer_bottom":"","ocean_display_top_bar":"default","ocean_display_header":"default","ocean_header_style":"","ocean_center_header_left_menu":"0","ocean_custom_header_template":"0","ocean_custom_logo":0,"ocean_custom_retina_logo":0,"ocean_custom_logo_max_width":0,"ocean_custom_logo_tablet_max_width":0,"ocean_custom_logo_mobile_max_width":0,"ocean_custom_logo_max_height":0,"ocean_custom_logo_tablet_max_height":0,"ocean_custom_logo_mobile_max_height":0,"ocean_header_custom_menu":"0","ocean_menu_typo_font_family":"0","ocean_menu_typo_font_subset":"","ocean_menu_typo_font_size":0,"ocean_menu_typo_font_size_tablet":0,"ocean_menu_typo_font_size_mobile":0,"ocean_menu_typo_font_size_unit":"px","ocean_menu_typo_font_weight":"","ocean_menu_typo_font_weight_tablet":"","ocean_menu_typo_font_weight_mobile":"","ocean_menu_typo_transform":"","ocean_menu_typo_transform_tablet":"","ocean_menu_typo_transform_mobile":"","ocean_menu_typo_line_height":0,"ocean_menu_typo_line_height_tablet":0,"ocean_menu_typo_line_height_mobile":0,"ocean_menu_typo_line_height_unit":"","ocean_menu_typo_spacing":0,"ocean_menu_typo_spacing_tablet":0,"ocean_menu_typo_spacing_mobile":0,"ocean_menu_typo_spacing_unit":"","ocean_menu_link_color":"","ocean_menu_link_color_hover":"","ocean_menu_link_color_active":"","ocean_menu_link_background":"","ocean_menu_link_hover_background":"","ocean_menu_link_active_background":"","ocean_menu_social_links_bg":"","ocean_menu_social_hover_links_bg":"","ocean_menu_social_links_color":"","ocean_menu_social_hover_links_color":"","ocean_disable_title":"default","ocean_disable_heading":"default","ocean_post_title":"","ocean_post_subheading":"","ocean_post_title_style":"","ocean_post_title_background_color":"","ocean_post_title_background":0,"ocean_post_title_bg_image_position":"","ocean_post_title_bg_image_attachment":"","ocean_post_title_bg_image_repeat":"","ocean_post_title_bg_image_size":"","ocean_post_title_height":0,"ocean_post_title_bg_overlay":0.5,"ocean_post_title_bg_overlay_color":"","ocean_disable_breadcrumbs":"default","ocean_breadcrumbs_color":"","ocean_breadcrumbs_separator_color":"","ocean_breadcrumbs_links_color":"","ocean_breadcrumbs_links_hover_color":"","ocean_display_footer_widgets":"default","ocean_display_footer_bottom":"default","ocean_custom_footer_template":"0","footnotes":""},"class_list":["post-643","page","type-page","status-publish","hentry","entry"],"jetpack_sharing_enabled":true,"_links":{"self":[{"href":"https:\/\/www.data-pro.nu\/de\/wp-json\/wp\/v2\/pages\/643","targetHints":{"allow":["GET"]}}],"collection":[{"href":"https:\/\/www.data-pro.nu\/de\/wp-json\/wp\/v2\/pages"}],"about":[{"href":"https:\/\/www.data-pro.nu\/de\/wp-json\/wp\/v2\/types\/page"}],"author":[{"embeddable":true,"href":"https:\/\/www.data-pro.nu\/de\/wp-json\/wp\/v2\/users\/1"}],"replies":[{"embeddable":true,"href":"https:\/\/www.data-pro.nu\/de\/wp-json\/wp\/v2\/comments?post=643"}],"version-history":[{"count":0,"href":"https:\/\/www.data-pro.nu\/de\/wp-json\/wp\/v2\/pages\/643\/revisions"}],"wp:attachment":[{"href":"https:\/\/www.data-pro.nu\/de\/wp-json\/wp\/v2\/media?parent=643"}],"curies":[{"name":"wp","href":"https:\/\/api.w.org\/{rel}","templated":true}]}}