{"id":498,"date":"2025-02-14T08:26:35","date_gmt":"2025-02-14T07:26:35","guid":{"rendered":"https:\/\/www.data-pro.nu\/?page_id=498"},"modified":"2025-04-13T21:29:14","modified_gmt":"2025-04-13T20:29:14","slug":"henro","status":"publish","type":"page","link":"https:\/\/www.data-pro.nu\/de\/henro\/","title":{"rendered":"Informationen zu Henro"},"content":{"rendered":"<div>\n<h2><a href=\"https:\/\/i0.wp.com\/www.data-pro.nu\/wp-content\/uploads\/2025\/04\/def-Groot.jpg?ssl=1\"><img data-recalc-dims=\"1\" loading=\"lazy\" decoding=\"async\" class=\"aligncenter wp-image-1350 size-full\" src=\"https:\/\/i0.wp.com\/www.data-pro.nu\/wp-content\/uploads\/2025\/04\/def-Groot.jpg?resize=1200%2C429&#038;ssl=1\" alt=\"\" width=\"1200\" height=\"429\" srcset=\"https:\/\/i0.wp.com\/www.data-pro.nu\/wp-content\/uploads\/2025\/04\/def-Groot.jpg?w=1920&amp;ssl=1 1920w, https:\/\/i0.wp.com\/www.data-pro.nu\/wp-content\/uploads\/2025\/04\/def-Groot.jpg?resize=600%2C214&amp;ssl=1 600w, https:\/\/i0.wp.com\/www.data-pro.nu\/wp-content\/uploads\/2025\/04\/def-Groot.jpg?resize=300%2C107&amp;ssl=1 300w, https:\/\/i0.wp.com\/www.data-pro.nu\/wp-content\/uploads\/2025\/04\/def-Groot.jpg?resize=1024%2C366&amp;ssl=1 1024w, https:\/\/i0.wp.com\/www.data-pro.nu\/wp-content\/uploads\/2025\/04\/def-Groot.jpg?resize=768%2C274&amp;ssl=1 768w, https:\/\/i0.wp.com\/www.data-pro.nu\/wp-content\/uploads\/2025\/04\/def-Groot.jpg?resize=1536%2C549&amp;ssl=1 1536w, https:\/\/i0.wp.com\/www.data-pro.nu\/wp-content\/uploads\/2025\/04\/def-Groot.jpg?resize=18%2C6&amp;ssl=1 18w\" sizes=\"auto, (max-width: 1200px) 100vw, 1200px\" \/><\/a><\/h2>\n<h2>\u00dcber mich als Mensch<\/h2>\n<div>Ich bin Henro Veijer, Vater von zwei fantastischen Kindern, die sich derzeit in der Pubert\u00e4tsphase ihres Lebens befinden. Meine Tochter ist eine kreative Person mit einer lebhaften Vorstellungskraft, w\u00e4hrend mein Sohn eine Leidenschaft f\u00fcr Bildschirme hat. Zusammen mit meiner Frau, der Mutter unserer Kinder, bilden wir eine eng verbundene Familie. Unser Haus wird von Salke, unserem Friesenstabij, komplettiert, der ein geliebtes und wertvolles Mitglied unserer Familie ist.<\/div>\n<h2><\/h2>\n<h2>Mein Hintergrund<\/h2>\n<div>Geboren und aufgewachsen in Staphorst, verbrachte ich einen Gro\u00dfteil meiner Kindheit in der Gegend von Meppel und Wanneperveen. Meine Ausbildung als Fernsehjournalist in Zwolle fiel mit dem Aufstieg des kommerziellen Fernsehens in den Niederlanden zusammen. Obwohl ich im Alter von 14 Jahren wusste, dass ich Journalist werden wollte, wurde mir w\u00e4hrend dieser Ver\u00e4nderungen klar, dass diese neue Medienlandschaft nicht die Art und Weise war, wie ich mein Leben aufbauen wollte. Dies war eine schwierige Entscheidung, da ich die ganze Zeit mit meinem Herzen in diesem Traum stand.<\/div>\n<div>Nach einer Zeit als Animationsdirektor in Hotels auf Mallorca wurde mir klar, dass ich etwas mit mehr Tiefe und Bedeutung machen wollte. Dies brachte mich in die IT-Welt, ein Bereich, in dem mein Hobby schon lange war. Was als Kurzjob in Enschede durch eine Abordnung begann, entwickelte sich zu einem zweij\u00e4hrigen Aufenthalt, nach dem ich mich entschied, weiterhin in Twente zu leben. Ich f\u00fchle mich hier zu Hause und m\u00f6chte nicht gehen, es sei denn, wir w\u00fcrden jemals nach Norwegen ziehen.<\/div>\n<h2><\/h2>\n<h2>Eine kritische Periode<\/h2>\n<div>W\u00e4hrend dieser Zeit wurde bei mir ein Hirntumor diagnostiziert, der sich wahrscheinlich seit mehreren Jahren in der Entwicklung befand. Nach einer Operation und einer intensiven Erholungsphase kam ich gut zur\u00fcck. Obwohl es damals eine schwierige Zeit war, konnte ich erst sp\u00e4ter wirklich \u00fcber ihre Auswirkungen nachdenken. Zum Gl\u00fcck habe ich ohne bleibenden Schaden \u00fcberlebt. Es war ein harter Moment in meinem Leben, aber ich wusste es nicht, bis es vorbei war.<\/div>\n<h2><\/h2>\n<h2>Mein Engagement in der Gesellschaft<\/h2>\n<div>Neben meiner Familie und meiner Arbeit war ich im Vorstand der lokalen Niederlassung von GroenLinks t\u00e4tig und habe als Wahlkampfleiter f\u00fcr die Kommunalwahlen 2021 gedient. Ich hoffe, eines Tages zu dieser Rolle zur\u00fcckzukehren, weil ich fest an eine nachhaltige und soziale Lebensweise glaube. Ich versuche auch, Br\u00fccken zwischen verschiedenen Gruppen in der Gesellschaft zu bauen, weil ich glaube, dass Verst\u00e4ndnis und Verst\u00e4ndnis wichtiger sind als schnelle Urteile.<\/div>\n<div>Ein wichtiges Beispiel f\u00fcr unser Engagement ist, dass wir uns ein Jahr lang um eine Mutter und Tochter aus der Ukraine gek\u00fcmmert haben. Dies war eine Zeit, in der wir nicht nur k\u00f6rperliche Unterst\u00fctzung, sondern auch emotionale Unterst\u00fctzung f\u00fcr eine Familie leisteten, die von Krieg und Unsicherheit betroffen war. Diese Erfahrung hat uns als Familie noch st\u00e4rker gemacht und uns gezeigt, wie wichtig es ist, mit offenen Armen f\u00fcr andere in Not zu stehen. Es zeigt, dass meine Familie gl\u00fccklicherweise gutherzig im Leben ist und immer bereit ist, zu einer besseren Welt beizutragen.<\/div>\n<div>Diese Erfahrungen haben meinen Glauben gest\u00e4rkt, dass die Welt nicht schwarz oder wei\u00df, richtig oder falsch ist. Ich versuche immer, die Kluft zwischen links und rechts, zwischen verschiedenen Meinungen und Hintergr\u00fcnden zu \u00fcberbr\u00fccken. Menschen zu beurteilen ist sehr einfach, aber Verst\u00e4ndnis und Verst\u00e4ndnis sind viel schwieriger. Dies ist eine Herausforderung, die ich gerne annehme, weil ich glaube, dass gegenseitiges Verst\u00e4ndnis die Grundlage f\u00fcr eine bessere Gesellschaft ist.<\/div>\n<h2><\/h2>\n<h2>Meine Leidenschaft f\u00fcr das Sprechen und Pr\u00e4sentieren<\/h2>\n<div>Vor kurzem bin ich zu Toastmasters Twente gekommen, wo ich meine Leidenschaft f\u00fcr das Sprechen und Pr\u00e4sentieren weiterentwickeln kann. Es ist ein Ort, an dem ich lernen kann, meine Vision zu vermitteln und an dem ich viel Spa\u00df habe. Ich genie\u00dfe die Gelegenheit zu lernen, wie ich meine Ideen effektiv verbreiten und andere inspirieren kann.<\/div>\n<div><\/div>\n<\/div>\n<div><\/div>\n<div><\/div>\n<div>\n<h2>Stolz auf meine Frau<\/h2>\n<div>Ich bin besonders stolz auf meine Frau, die k\u00fcrzlich ihren Job im Gesundheitswesen gek\u00fcndigt hat, um sich als sozialwissenschaftliche Lehrerin umzuschulen. Angesichts meines eigenen Interesses an Bildung kann ich nicht anders, als eifers\u00fcchtig auf sie zu sein und ihren Mut und ihre Hingabe zu bewundern. Ihre Entscheidung, eine neue Richtung einzuschlagen, ist eine Inspiration f\u00fcr mich und ich unterst\u00fctze sie in diesem Schritt voll und ganz.<\/div>\n<\/div>","protected":false},"excerpt":{"rendered":"<p>Ich bin Henro Veijer, Vater von zwei fantastischen Kindern, die sich derzeit in der Jugendphase ihres Lebens befinden. Meine Tochter ist eine kreative Person mit einer lebhaften Vorstellungskraft, w\u00e4hrend mein Sohn eine Leidenschaft f\u00fcr Bildschirme hat. Zusammen mit meiner Frau, der Mutter unserer Kinder, bilden wir eine enge [...]<\/p>","protected":false},"author":1,"featured_media":0,"parent":0,"menu_order":0,"comment_status":"closed","ping_status":"closed","template":"","meta":{"advanced_seo_description":"","jetpack_seo_html_title":"","jetpack_seo_noindex":false,"ocean_post_layout":"full-width","ocean_both_sidebars_style":"","ocean_both_sidebars_content_width":0,"ocean_both_sidebars_sidebars_width":0,"ocean_sidebar":"ocs-personalsidebar","ocean_second_sidebar":"0","ocean_disable_margins":"enable","ocean_add_body_class":"","ocean_shortcode_before_top_bar":"","ocean_shortcode_after_top_bar":"","ocean_shortcode_before_header":"","ocean_shortcode_after_header":"","ocean_has_shortcode":"","ocean_shortcode_after_title":"","ocean_shortcode_before_footer_widgets":"","ocean_shortcode_after_footer_widgets":"","ocean_shortcode_before_footer_bottom":"","ocean_shortcode_after_footer_bottom":"","ocean_display_top_bar":"default","ocean_display_header":"default","ocean_header_style":"","ocean_center_header_left_menu":"0","ocean_custom_header_template":"0","ocean_custom_logo":0,"ocean_custom_retina_logo":0,"ocean_custom_logo_max_width":0,"ocean_custom_logo_tablet_max_width":0,"ocean_custom_logo_mobile_max_width":0,"ocean_custom_logo_max_height":0,"ocean_custom_logo_tablet_max_height":0,"ocean_custom_logo_mobile_max_height":0,"ocean_header_custom_menu":"0","ocean_menu_typo_font_family":"0","ocean_menu_typo_font_subset":"","ocean_menu_typo_font_size":0,"ocean_menu_typo_font_size_tablet":0,"ocean_menu_typo_font_size_mobile":0,"ocean_menu_typo_font_size_unit":"px","ocean_menu_typo_font_weight":"","ocean_menu_typo_font_weight_tablet":"","ocean_menu_typo_font_weight_mobile":"","ocean_menu_typo_transform":"","ocean_menu_typo_transform_tablet":"","ocean_menu_typo_transform_mobile":"","ocean_menu_typo_line_height":0,"ocean_menu_typo_line_height_tablet":0,"ocean_menu_typo_line_height_mobile":0,"ocean_menu_typo_line_height_unit":"","ocean_menu_typo_spacing":0,"ocean_menu_typo_spacing_tablet":0,"ocean_menu_typo_spacing_mobile":0,"ocean_menu_typo_spacing_unit":"","ocean_menu_link_color":"","ocean_menu_link_color_hover":"","ocean_menu_link_color_active":"","ocean_menu_link_background":"","ocean_menu_link_hover_background":"","ocean_menu_link_active_background":"","ocean_menu_social_links_bg":"","ocean_menu_social_hover_links_bg":"","ocean_menu_social_links_color":"","ocean_menu_social_hover_links_color":"","ocean_disable_title":"default","ocean_disable_heading":"default","ocean_post_title":"","ocean_post_subheading":"","ocean_post_title_style":"","ocean_post_title_background_color":"","ocean_post_title_background":0,"ocean_post_title_bg_image_position":"","ocean_post_title_bg_image_attachment":"","ocean_post_title_bg_image_repeat":"","ocean_post_title_bg_image_size":"","ocean_post_title_height":0,"ocean_post_title_bg_overlay":0.5,"ocean_post_title_bg_overlay_color":"","ocean_disable_breadcrumbs":"default","ocean_breadcrumbs_color":"","ocean_breadcrumbs_separator_color":"","ocean_breadcrumbs_links_color":"","ocean_breadcrumbs_links_hover_color":"","ocean_display_footer_widgets":"default","ocean_display_footer_bottom":"default","ocean_custom_footer_template":"0","jetpack_post_was_ever_published":false,"footnotes":""},"class_list":["post-498","page","type-page","status-publish","hentry","entry"],"jetpack_sharing_enabled":true,"_links":{"self":[{"href":"https:\/\/www.data-pro.nu\/de\/wp-json\/wp\/v2\/pages\/498","targetHints":{"allow":["GET"]}}],"collection":[{"href":"https:\/\/www.data-pro.nu\/de\/wp-json\/wp\/v2\/pages"}],"about":[{"href":"https:\/\/www.data-pro.nu\/de\/wp-json\/wp\/v2\/types\/page"}],"author":[{"embeddable":true,"href":"https:\/\/www.data-pro.nu\/de\/wp-json\/wp\/v2\/users\/1"}],"replies":[{"embeddable":true,"href":"https:\/\/www.data-pro.nu\/de\/wp-json\/wp\/v2\/comments?post=498"}],"version-history":[{"count":0,"href":"https:\/\/www.data-pro.nu\/de\/wp-json\/wp\/v2\/pages\/498\/revisions"}],"wp:attachment":[{"href":"https:\/\/www.data-pro.nu\/de\/wp-json\/wp\/v2\/media?parent=498"}],"curies":[{"name":"wp","href":"https:\/\/api.w.org\/{rel}","templated":true}]}}