{"id":1132,"date":"2025-03-14T11:24:58","date_gmt":"2025-03-14T10:24:58","guid":{"rendered":"https:\/\/www.data-pro.nu\/?page_id=1132"},"modified":"2025-09-23T10:36:54","modified_gmt":"2025-09-23T09:36:54","slug":"nextcloud","status":"publish","type":"page","link":"https:\/\/www.data-pro.nu\/de\/nextcloud\/","title":{"rendered":"NextCloud"},"content":{"rendered":"<p data-start=\"69\" data-end=\"133\"><strong data-start=\"71\" data-end=\"131\"><img data-recalc-dims=\"1\" loading=\"lazy\" decoding=\"async\" class=\"size-medium wp-image-1224 alignright\" src=\"https:\/\/i0.wp.com\/www.data-pro.nu\/wp-content\/uploads\/2025\/03\/nextcloud-gmbh-logo-vector.png?resize=300%2C167&#038;ssl=1\" alt=\"\" width=\"300\" height=\"167\" srcset=\"https:\/\/i0.wp.com\/www.data-pro.nu\/wp-content\/uploads\/2025\/03\/nextcloud-gmbh-logo-vector.png?resize=300%2C167&amp;ssl=1 300w, https:\/\/i0.wp.com\/www.data-pro.nu\/wp-content\/uploads\/2025\/03\/nextcloud-gmbh-logo-vector.png?resize=768%2C427&amp;ssl=1 768w, https:\/\/i0.wp.com\/www.data-pro.nu\/wp-content\/uploads\/2025\/03\/nextcloud-gmbh-logo-vector.png?w=900&amp;ssl=1 900w\" sizes=\"auto, (max-width: 300px) 100vw, 300px\" \/>Aktualisierung: <\/strong>Gehe zu <a href=\"https:\/\/nextcloud.data-pro.nu\" target=\"_blank\" rel=\"noopener\">nextcloud.data-pro.nu<\/a> um mit unserer eigenen Nextcloud-Instanz zu spielen<strong data-start=\"71\" data-end=\"131\"><br \/><\/strong>Benutzer<strong data-start=\"71\" data-end=\"131\">: Gast \u2013\u00a0\u00a0<\/strong><strong data-start=\"71\" data-end=\"131\">Passwort: <\/strong>Letsplay!!!<\/p>\n<p>Nextcloud: Sicher, unabh\u00e4ngig und zuverl\u00e4ssig<\/p>\n<p data-start=\"135\" data-end=\"308\">M\u00f6chten Sie weniger abh\u00e4ngig von Microsoft 365 und Big Tech als Unternehmen sein? Erw\u00e4gen Sie den Wechsel zu <strong data-start=\"238\" data-end=\"251\">Nextcloud<\/strong>, Aber Sie wissen nicht, wo Sie anfangen sollen? Ich helfe Ihnen gerne.<\/p>\n<p data-start=\"310\" data-end=\"688\">Mein Ziel ist es, KMU beim sicheren und effizienten \u00dcbergang zur <strong data-start=\"401\" data-end=\"414\">Nextcloud<\/strong>, eine leistungsstarke und datenschutzfreundliche Alternative zu OneDrive und SharePoint. Ich tue dies nicht nur aus meiner Expertise, sondern vor allem aus meiner \u00dcberzeugung, dass Europa mehr Kontrolle \u00fcber seine eigenen Daten gewinnen muss, ohne auf amerikanische Big Tech angewiesen zu sein.<\/p>\n<p data-start=\"690\" data-end=\"735\">Ich biete Orientierung in folgenden Bereichen:<\/p>\n<h3 data-start=\"737\" data-end=\"799\"><strong data-start=\"741\" data-end=\"797\">\u2714 Hilfe bei der Suche nach dem richtigen Nextcloud Hoster<\/strong><\/h3>\n<p data-start=\"800\" data-end=\"1033\">Nicht jede Hosting-Party bietet die Zuverl\u00e4ssigkeit und Leistung, die Sie als Unternehmen ben\u00f6tigen. Ich helfe Ihnen, einen europ\u00e4ischen Hoster zu finden, der Ihren Anforderungen im Bereich <strong data-start=\"989\" data-end=\"1030\">Datenschutz, Sicherheit und Skalierbarkeit<\/strong>.<\/p>\n<h3 data-start=\"1035\" data-end=\"1088\"><strong data-start=\"1039\" data-end=\"1086\">\u2714 Nextcloud Installation und Konfiguration<\/strong><\/h3>\n<p data-start=\"1089\" data-end=\"1333\">Unabh\u00e4ngig davon, ob Sie Nextcloud auf Ihrem eigenen Server oder mit einem externen Hoster ausf\u00fchren m\u00f6chten, biete ich eine <strong data-start=\"1185\" data-end=\"1233\">reibungslose Installation und optimale Konfiguration<\/strong>. Denken Sie an Benutzerverwaltung, Speichereinstellungen, Integration mit E-Mail und anderer Unternehmenssoftware.<\/p>\n<h3 data-start=\"1335\" data-end=\"1406\"><strong data-start=\"1339\" data-end=\"1404\">\u2714 Vermittlung bei der Suche nach einem geeigneten SaaS-Anbieter<\/strong><\/h3>\n<p data-start=\"1407\" data-end=\"1603\">Nicht jedes Unternehmen m\u00f6chte Nextcloud selbst hosten. Ich helfe Ihnen, einen zuverl\u00e4ssigen zu finden. <strong data-start=\"1497\" data-end=\"1515\">SaaS-L\u00f6sung<\/strong> Das bietet Ihrem Unternehmen die Vorteile von Nextcloud, ohne die technische Komplexit\u00e4t.<\/p>\n<h3 data-start=\"1605\" data-end=\"1654\"><strong data-start=\"1609\" data-end=\"1652\">\u2714 Schulung und Anleitung des Personals<\/strong><\/h3>\n<p data-start=\"1655\" data-end=\"1866\">Ein gutes System ist nur dann effektiv, wenn die Mitarbeiter es auch richtig nutzen. Deshalb biete ich <strong data-start=\"1744\" data-end=\"1773\">Anleitung und Anleitung<\/strong> Teams schnell mit Nextcloud vertraut zu machen und dessen Vorteile voll auszusch\u00f6pfen.<\/p>\n<hr data-start=\"1868\" data-end=\"1871\" \/>\n<h2 data-start=\"1873\" data-end=\"1928\"><strong data-start=\"1876\" data-end=\"1926\">Erschwingliche Raten, getrieben von \u00dcberzeugung<\/strong><\/h2>\n<p data-start=\"1929\" data-end=\"2171\">Ich biete diese Dienstleistungen an <strong data-start=\"1951\" data-end=\"1986\">zu einem relativ niedrigen Preis<\/strong>, denn ich sehe diesen \u00dcbergang nicht nur als Gesch\u00e4ftsm\u00f6glichkeit, sondern vor allem als eine M\u00f6glichkeit, einen Beitrag zu einer <strong data-start=\"2104\" data-end=\"2168\">ein datenschutzfreundlicheres und technologisch unabh\u00e4ngigeres Europa<\/strong>.<\/p>\n<p data-start=\"2173\" data-end=\"2251\">Sie fragen sich, wie ich Ihrem Unternehmen beim Wechsel helfen kann? Kontaktieren Sie mich!<\/p>\n<p data-start=\"2253\" data-end=\"2356\">?? <strong data-start=\"2256\" data-end=\"2276\"><a rel=\"noopener\" data-start=\"2258\" data-end=\"2274\">info@aeventir.nl<\/a><\/strong><br data-start=\"2276\" data-end=\"2279\" \/>?? <strong data-start=\"2282\" data-end=\"2292\">Signal<\/strong><br data-start=\"2292\" data-end=\"2295\" \/>?? <strong data-start=\"2298\" data-end=\"2354\"><a href=\"https:\/\/www.linkedin.com\/in\/henroveijer\/\" target=\"_new\" rel=\"noopener\" data-start=\"2300\" data-end=\"2352\">LinkedIn<\/a><\/strong><\/p>\n<p data-start=\"2358\" data-end=\"2483\">?? <strong data-start=\"2361\" data-end=\"2407\">Mehr Informationen zu meiner Vision und meinem Ansatz?<\/strong> Lesen Sie meine <a href=\"https:\/\/www.data-pro.nu\/de\/tag\/weg-van-big-tech\/\" rel=\"noopener\" data-start=\"2418\" data-end=\"2428\">Blogs<\/a> \u00fcber die Herausforderungen und L\u00f6sungen rund um Nextcloud.<\/p>\n\n<div class=\"wp-block-jetpack-contact-form is-layout-flex wp-container-jetpack-contact-form-is-layout-faa3ad1c wp-block-jetpack-contact-form-is-layout-flex\"><a href=\"https:\/\/www.data-pro.nu\/de\/nextcloud\/\" target=\"_blank\" rel=\"noopener noreferrer\">Formular einreichen.<\/a><\/div>","protected":false},"excerpt":{"rendered":"<p>Aktualisierung: Gehen Sie zu nextcloud.data-pro.nu, um mit unserem eigenen Nextcloud-Instanzbenutzer zu spielen: Gast \u2013 Passwort: Irgendetwas spielen!!! Nextcloud: Wollen Sie als Unternehmen weniger abh\u00e4ngig von Microsoft 365 und Big Tech sein? Erw\u00e4gen Sie, zu Nextcloud zu wechseln, wissen aber nicht, wo Sie anfangen sollen? Ich helfe Ihnen gerne. Mein Ziel ist es, kleinen und mittelst\u00e4ndischen Unternehmen [...]<\/p>","protected":false},"author":1,"featured_media":0,"parent":0,"menu_order":0,"comment_status":"closed","ping_status":"closed","template":"","meta":{"advanced_seo_description":"","jetpack_seo_html_title":"","jetpack_seo_noindex":false,"ocean_post_layout":"","ocean_both_sidebars_style":"","ocean_both_sidebars_content_width":0,"ocean_both_sidebars_sidebars_width":0,"ocean_sidebar":"ocs-nextcloudsidebar","ocean_second_sidebar":"0","ocean_disable_margins":"enable","ocean_add_body_class":"","ocean_shortcode_before_top_bar":"","ocean_shortcode_after_top_bar":"","ocean_shortcode_before_header":"","ocean_shortcode_after_header":"","ocean_has_shortcode":"","ocean_shortcode_after_title":"","ocean_shortcode_before_footer_widgets":"","ocean_shortcode_after_footer_widgets":"","ocean_shortcode_before_footer_bottom":"","ocean_shortcode_after_footer_bottom":"","ocean_display_top_bar":"default","ocean_display_header":"default","ocean_header_style":"","ocean_center_header_left_menu":"0","ocean_custom_header_template":"0","ocean_custom_logo":0,"ocean_custom_retina_logo":0,"ocean_custom_logo_max_width":0,"ocean_custom_logo_tablet_max_width":0,"ocean_custom_logo_mobile_max_width":0,"ocean_custom_logo_max_height":0,"ocean_custom_logo_tablet_max_height":0,"ocean_custom_logo_mobile_max_height":0,"ocean_header_custom_menu":"0","ocean_menu_typo_font_family":"0","ocean_menu_typo_font_subset":"","ocean_menu_typo_font_size":0,"ocean_menu_typo_font_size_tablet":0,"ocean_menu_typo_font_size_mobile":0,"ocean_menu_typo_font_size_unit":"px","ocean_menu_typo_font_weight":"","ocean_menu_typo_font_weight_tablet":"","ocean_menu_typo_font_weight_mobile":"","ocean_menu_typo_transform":"","ocean_menu_typo_transform_tablet":"","ocean_menu_typo_transform_mobile":"","ocean_menu_typo_line_height":0,"ocean_menu_typo_line_height_tablet":0,"ocean_menu_typo_line_height_mobile":0,"ocean_menu_typo_line_height_unit":"","ocean_menu_typo_spacing":0,"ocean_menu_typo_spacing_tablet":0,"ocean_menu_typo_spacing_mobile":0,"ocean_menu_typo_spacing_unit":"","ocean_menu_link_color":"","ocean_menu_link_color_hover":"","ocean_menu_link_color_active":"","ocean_menu_link_background":"","ocean_menu_link_hover_background":"","ocean_menu_link_active_background":"","ocean_menu_social_links_bg":"","ocean_menu_social_hover_links_bg":"","ocean_menu_social_links_color":"","ocean_menu_social_hover_links_color":"","ocean_disable_title":"default","ocean_disable_heading":"default","ocean_post_title":"","ocean_post_subheading":"","ocean_post_title_style":"","ocean_post_title_background_color":"","ocean_post_title_background":0,"ocean_post_title_bg_image_position":"","ocean_post_title_bg_image_attachment":"","ocean_post_title_bg_image_repeat":"","ocean_post_title_bg_image_size":"","ocean_post_title_height":0,"ocean_post_title_bg_overlay":0.5,"ocean_post_title_bg_overlay_color":"","ocean_disable_breadcrumbs":"default","ocean_breadcrumbs_color":"","ocean_breadcrumbs_separator_color":"","ocean_breadcrumbs_links_color":"","ocean_breadcrumbs_links_hover_color":"","ocean_display_footer_widgets":"default","ocean_display_footer_bottom":"default","ocean_custom_footer_template":"0","jetpack_post_was_ever_published":false,"footnotes":""},"class_list":["post-1132","page","type-page","status-publish","hentry","entry"],"jetpack_sharing_enabled":true,"_links":{"self":[{"href":"https:\/\/www.data-pro.nu\/de\/wp-json\/wp\/v2\/pages\/1132","targetHints":{"allow":["GET"]}}],"collection":[{"href":"https:\/\/www.data-pro.nu\/de\/wp-json\/wp\/v2\/pages"}],"about":[{"href":"https:\/\/www.data-pro.nu\/de\/wp-json\/wp\/v2\/types\/page"}],"author":[{"embeddable":true,"href":"https:\/\/www.data-pro.nu\/de\/wp-json\/wp\/v2\/users\/1"}],"replies":[{"embeddable":true,"href":"https:\/\/www.data-pro.nu\/de\/wp-json\/wp\/v2\/comments?post=1132"}],"version-history":[{"count":0,"href":"https:\/\/www.data-pro.nu\/de\/wp-json\/wp\/v2\/pages\/1132\/revisions"}],"wp:attachment":[{"href":"https:\/\/www.data-pro.nu\/de\/wp-json\/wp\/v2\/media?parent=1132"}],"curies":[{"name":"wp","href":"https:\/\/api.w.org\/{rel}","templated":true}]}}